{"id":9,"date":"2016-02-16T10:50:26","date_gmt":"2016-02-16T09:50:26","guid":{"rendered":"http:\/\/mg-mecaloc.com\/?page_id=9"},"modified":"2016-06-14T09:03:12","modified_gmt":"2016-06-14T08:03:12","slug":"presentation","status":"publish","type":"page","link":"http:\/\/mg-mecaloc.com\/index.php\/presentation\/","title":{"rendered":"Pr\u00e9sentation"},"content":{"rendered":"<p style=\"text-align: justify;\">En association avec Herv\u00e9 et Jean-Luc Liotard, fondateurs de l&rsquo;<a href=\"http:\/\/www.liotard-groupe.com\" target=\"_blank\">entreprise Liotard TP<\/a>, <strong>Steve M\u00fcller<\/strong> et <strong>Patrice Gauthier <\/strong>ont cr\u00e9\u00e9, en Juillet 2013, la soci\u00e9t\u00e9 <strong>MG Mecaloc<\/strong>, sp\u00e9cialis\u00e9e dans la m\u00e9canique lourde et la location.<\/p>\n<p style=\"text-align: justify;\">Implant\u00e9e \u00e0 <strong>Aurel<\/strong> dans la Dr\u00f4me, sur le site des \u00ab\u00a0<em>Marnes bleues<\/em>\u00a0\u00bb, MG Mecaloc assure la <strong>maintenance <\/strong>et la <strong>r\u00e9paration<\/strong> de v\u00e9hicules poids lourds, d&rsquo;engins de travaux publics, de mat\u00e9riels agricoles et tous types de <strong>v\u00e9hicules utilitaires l\u00e9gers<\/strong>.<\/p>\n<p style=\"text-align: justify;\">MG Mecaloc poss\u00e8de \u00e9galement deux v\u00e9hicules ateliers afin de r\u00e9pondre \u00e0 vos demandes de <strong>maintenance<\/strong> et le <strong>d\u00e9pannage sur site<\/strong>.<\/p>\n<p style=\"text-align: justify;\">Par ailleurs, MG Mecaloc\u00a0 vous propose \u00e0 la <strong>location d&rsquo;engins, mat\u00e9riel et \u00e9quipements de travaux publics.<\/strong><\/p>\n<p style=\"text-align: justify;\">Consciente des enjeux de <strong>d\u00e9veloppement durable, de protection de l\u2019<a href=\"http:\/\/liotard-groupe.com\/environnement-et-recyclage\/\" target=\"_blank\">environnement<\/a><\/strong> et d\u2019<strong>\u00e9cologie<\/strong>, \u00e0 fortiori par son implantation au c\u0153ur de la \u00ab\u00a0<a href=\"http:\/\/www.biovallee.fr\" target=\"_blank\">BIO VALLEE<\/a>\u00a0\u00bb,\u00a0 l&rsquo;\u00e9quipe de MG Mecaloc a \u00e9t\u00e9 sensibilis\u00e9e \u00e0 la gestion des d\u00e9chets et respecte les mesures \u00e9tablies. L&rsquo;ensemble de ses d\u00e9chets est tri\u00e9, stock\u00e9, et collect\u00e9 par une filiale des d\u00e9chets dangereux..<\/p>\n<div class=\"row\"> <div class=\"col-md-4\">\n<p><img data-recalc-dims=\"1\" loading=\"lazy\" decoding=\"async\" data-attachment-id=\"37\" data-permalink=\"http:\/\/mg-mecaloc.com\/index.php\/presentation\/herve-et-jean-luc-liotard\/\" data-orig-file=\"https:\/\/i0.wp.com\/mg-mecaloc.com\/wp-content\/uploads\/2016\/03\/Herv%C3%A9-et-Jean-Luc-Liotard.jpg?fit=900%2C596\" data-orig-size=\"900,596\" data-comments-opened=\"1\" data-image-meta=\"{&quot;aperture&quot;:&quot;2.5&quot;,&quot;credit&quot;:&quot;&quot;,&quot;camera&quot;:&quot;NIKON D5100&quot;,&quot;caption&quot;:&quot;&quot;,&quot;created_timestamp&quot;:&quot;1429696712&quot;,&quot;copyright&quot;:&quot;&quot;,&quot;focal_length&quot;:&quot;50&quot;,&quot;iso&quot;:&quot;800&quot;,&quot;shutter_speed&quot;:&quot;0.00625&quot;,&quot;title&quot;:&quot;&quot;,&quot;orientation&quot;:&quot;1&quot;}\" data-image-title=\"Herv\u00e9-et-Jean-Luc-Liotard\" data-image-description=\"\" data-image-caption=\"\" data-medium-file=\"https:\/\/i0.wp.com\/mg-mecaloc.com\/wp-content\/uploads\/2016\/03\/Herv%C3%A9-et-Jean-Luc-Liotard.jpg?fit=300%2C199\" data-large-file=\"https:\/\/i0.wp.com\/mg-mecaloc.com\/wp-content\/uploads\/2016\/03\/Herv%C3%A9-et-Jean-Luc-Liotard.jpg?fit=900%2C596\" class=\"alignnone size-full wp-image-37\" src=\"https:\/\/i0.wp.com\/mg-mecaloc.com\/wp-content\/uploads\/2016\/03\/Herv%C3%A9-et-Jean-Luc-Liotard.jpg?resize=900%2C596\" alt=\"Herv\u00e9 et Jean-luc Liotard\" width=\"900\" height=\"596\" srcset=\"https:\/\/i0.wp.com\/mg-mecaloc.com\/wp-content\/uploads\/2016\/03\/Herv%C3%A9-et-Jean-Luc-Liotard.jpg?w=900 900w, https:\/\/i0.wp.com\/mg-mecaloc.com\/wp-content\/uploads\/2016\/03\/Herv%C3%A9-et-Jean-Luc-Liotard.jpg?resize=300%2C199 300w, https:\/\/i0.wp.com\/mg-mecaloc.com\/wp-content\/uploads\/2016\/03\/Herv%C3%A9-et-Jean-Luc-Liotard.jpg?resize=768%2C509 768w\" sizes=\"auto, (max-width: 900px) 100vw, 900px\" \/><\/p>\n<\/div><div class=\"col-md-4\">\n<p><img data-recalc-dims=\"1\" loading=\"lazy\" decoding=\"async\" data-attachment-id=\"38\" data-permalink=\"http:\/\/mg-mecaloc.com\/index.php\/presentation\/marnes-bleues\/\" data-orig-file=\"https:\/\/i0.wp.com\/mg-mecaloc.com\/wp-content\/uploads\/2016\/03\/Marnes-bleues.jpg?fit=740%2C490\" data-orig-size=\"740,490\" data-comments-opened=\"1\" data-image-meta=\"{&quot;aperture&quot;:&quot;4.2&quot;,&quot;credit&quot;:&quot;&quot;,&quot;camera&quot;:&quot;NIKON D5100&quot;,&quot;caption&quot;:&quot;&quot;,&quot;created_timestamp&quot;:&quot;1429551276&quot;,&quot;copyright&quot;:&quot;&quot;,&quot;focal_length&quot;:&quot;30&quot;,&quot;iso&quot;:&quot;200&quot;,&quot;shutter_speed&quot;:&quot;0.0004&quot;,&quot;title&quot;:&quot;&quot;,&quot;orientation&quot;:&quot;1&quot;}\" data-image-title=\"Marnes-bleues\" data-image-description=\"\" data-image-caption=\"\" data-medium-file=\"https:\/\/i0.wp.com\/mg-mecaloc.com\/wp-content\/uploads\/2016\/03\/Marnes-bleues.jpg?fit=300%2C199\" data-large-file=\"https:\/\/i0.wp.com\/mg-mecaloc.com\/wp-content\/uploads\/2016\/03\/Marnes-bleues.jpg?fit=740%2C490\" class=\"alignnone size-full wp-image-38\" src=\"https:\/\/i0.wp.com\/mg-mecaloc.com\/wp-content\/uploads\/2016\/03\/Marnes-bleues.jpg?resize=740%2C490\" alt=\"Site MG Mecaloc Les Marnes Bleues\" width=\"740\" height=\"490\" srcset=\"https:\/\/i0.wp.com\/mg-mecaloc.com\/wp-content\/uploads\/2016\/03\/Marnes-bleues.jpg?w=740 740w, https:\/\/i0.wp.com\/mg-mecaloc.com\/wp-content\/uploads\/2016\/03\/Marnes-bleues.jpg?resize=300%2C199 300w\" sizes=\"auto, (max-width: 740px) 100vw, 740px\" \/><\/p>\n<\/div><div class=\"col-md-4\">\n<p><img data-recalc-dims=\"1\" loading=\"lazy\" decoding=\"async\" data-attachment-id=\"36\" data-permalink=\"http:\/\/mg-mecaloc.com\/mg-mecaloc\/\" data-orig-file=\"https:\/\/i0.wp.com\/mg-mecaloc.com\/wp-content\/uploads\/2016\/03\/MG-mecaloc.jpg?fit=900%2C600\" data-orig-size=\"900,600\" data-comments-opened=\"1\" data-image-meta=\"{&quot;aperture&quot;:&quot;0&quot;,&quot;credit&quot;:&quot;&quot;,&quot;camera&quot;:&quot;&quot;,&quot;caption&quot;:&quot;&quot;,&quot;created_timestamp&quot;:&quot;0&quot;,&quot;copyright&quot;:&quot;&quot;,&quot;focal_length&quot;:&quot;0&quot;,&quot;iso&quot;:&quot;0&quot;,&quot;shutter_speed&quot;:&quot;0&quot;,&quot;title&quot;:&quot;&quot;,&quot;orientation&quot;:&quot;1&quot;}\" data-image-title=\"MG-mecaloc\" data-image-description=\"\" data-image-caption=\"\" data-medium-file=\"https:\/\/i0.wp.com\/mg-mecaloc.com\/wp-content\/uploads\/2016\/03\/MG-mecaloc.jpg?fit=300%2C200\" data-large-file=\"https:\/\/i0.wp.com\/mg-mecaloc.com\/wp-content\/uploads\/2016\/03\/MG-mecaloc.jpg?fit=900%2C600\" class=\"alignnone size-full wp-image-36\" src=\"https:\/\/i0.wp.com\/mg-mecaloc.com\/wp-content\/uploads\/2016\/03\/MG-mecaloc.jpg?resize=900%2C600\" alt=\"Steve M\u00fcller et Patrice Gauthier\" width=\"900\" height=\"600\" srcset=\"https:\/\/i0.wp.com\/mg-mecaloc.com\/wp-content\/uploads\/2016\/03\/MG-mecaloc.jpg?w=900 900w, https:\/\/i0.wp.com\/mg-mecaloc.com\/wp-content\/uploads\/2016\/03\/MG-mecaloc.jpg?resize=300%2C200 300w, https:\/\/i0.wp.com\/mg-mecaloc.com\/wp-content\/uploads\/2016\/03\/MG-mecaloc.jpg?resize=768%2C512 768w\" sizes=\"auto, (max-width: 900px) 100vw, 900px\" \/><\/p>\n<\/div><\/div>\n<hr \/>\n<h3>Ils font confiance \u00e0 MG Mecaloc<\/h3>\n<hr \/>\n<p>&nbsp;<\/p>\n<div class=\"col-md-3\"><img data-recalc-dims=\"1\" loading=\"lazy\" decoding=\"async\" data-attachment-id=\"183\" data-permalink=\"http:\/\/mg-mecaloc.com\/index.php\/presentation\/logo-liotardtp\/\" data-orig-file=\"https:\/\/i0.wp.com\/mg-mecaloc.com\/wp-content\/uploads\/2016\/02\/logo-liotardTP.png?fit=1668%2C524\" data-orig-size=\"1668,524\" data-comments-opened=\"1\" data-image-meta=\"{&quot;aperture&quot;:&quot;0&quot;,&quot;credit&quot;:&quot;&quot;,&quot;camera&quot;:&quot;&quot;,&quot;caption&quot;:&quot;&quot;,&quot;created_timestamp&quot;:&quot;0&quot;,&quot;copyright&quot;:&quot;&quot;,&quot;focal_length&quot;:&quot;0&quot;,&quot;iso&quot;:&quot;0&quot;,&quot;shutter_speed&quot;:&quot;0&quot;,&quot;title&quot;:&quot;&quot;,&quot;orientation&quot;:&quot;0&quot;}\" data-image-title=\"logo liotardTP\" data-image-description=\"\" data-image-caption=\"\" data-medium-file=\"https:\/\/i0.wp.com\/mg-mecaloc.com\/wp-content\/uploads\/2016\/02\/logo-liotardTP.png?fit=300%2C94\" data-large-file=\"https:\/\/i0.wp.com\/mg-mecaloc.com\/wp-content\/uploads\/2016\/02\/logo-liotardTP.png?fit=1024%2C322\" class=\"alignnone size-medium wp-image-183\" src=\"https:\/\/i0.wp.com\/mg-mecaloc.com\/wp-content\/uploads\/2016\/02\/logo-liotardTP.png?resize=300%2C94\" alt=\"logo liotardTP\" width=\"300\" height=\"94\" srcset=\"https:\/\/i0.wp.com\/mg-mecaloc.com\/wp-content\/uploads\/2016\/02\/logo-liotardTP.png?resize=300%2C94 300w, https:\/\/i0.wp.com\/mg-mecaloc.com\/wp-content\/uploads\/2016\/02\/logo-liotardTP.png?resize=768%2C241 768w, https:\/\/i0.wp.com\/mg-mecaloc.com\/wp-content\/uploads\/2016\/02\/logo-liotardTP.png?resize=1024%2C322 1024w, https:\/\/i0.wp.com\/mg-mecaloc.com\/wp-content\/uploads\/2016\/02\/logo-liotardTP.png?w=1668 1668w\" sizes=\"auto, (max-width: 300px) 100vw, 300px\" \/><\/div>\n<div class=\"col-md-3\"><img data-recalc-dims=\"1\" loading=\"lazy\" decoding=\"async\" data-attachment-id=\"185\" data-permalink=\"http:\/\/mg-mecaloc.com\/index.php\/presentation\/logo-mdc\/\" data-orig-file=\"https:\/\/i0.wp.com\/mg-mecaloc.com\/wp-content\/uploads\/2016\/02\/logo-mdc.png?fit=1151%2C554\" data-orig-size=\"1151,554\" data-comments-opened=\"1\" data-image-meta=\"{&quot;aperture&quot;:&quot;0&quot;,&quot;credit&quot;:&quot;&quot;,&quot;camera&quot;:&quot;&quot;,&quot;caption&quot;:&quot;&quot;,&quot;created_timestamp&quot;:&quot;0&quot;,&quot;copyright&quot;:&quot;&quot;,&quot;focal_length&quot;:&quot;0&quot;,&quot;iso&quot;:&quot;0&quot;,&quot;shutter_speed&quot;:&quot;0&quot;,&quot;title&quot;:&quot;&quot;,&quot;orientation&quot;:&quot;0&quot;}\" data-image-title=\"logo mdc\" data-image-description=\"\" data-image-caption=\"\" data-medium-file=\"https:\/\/i0.wp.com\/mg-mecaloc.com\/wp-content\/uploads\/2016\/02\/logo-mdc.png?fit=300%2C144\" data-large-file=\"https:\/\/i0.wp.com\/mg-mecaloc.com\/wp-content\/uploads\/2016\/02\/logo-mdc.png?fit=1024%2C493\" class=\"alignnone size-medium wp-image-185\" src=\"https:\/\/i0.wp.com\/mg-mecaloc.com\/wp-content\/uploads\/2016\/02\/logo-mdc.png?resize=300%2C144\" alt=\"logo mdc\" width=\"300\" height=\"144\" srcset=\"https:\/\/i0.wp.com\/mg-mecaloc.com\/wp-content\/uploads\/2016\/02\/logo-mdc.png?resize=300%2C144 300w, https:\/\/i0.wp.com\/mg-mecaloc.com\/wp-content\/uploads\/2016\/02\/logo-mdc.png?resize=768%2C370 768w, https:\/\/i0.wp.com\/mg-mecaloc.com\/wp-content\/uploads\/2016\/02\/logo-mdc.png?resize=1024%2C493 1024w, https:\/\/i0.wp.com\/mg-mecaloc.com\/wp-content\/uploads\/2016\/02\/logo-mdc.png?w=1151 1151w\" sizes=\"auto, (max-width: 300px) 100vw, 300px\" \/><\/div>\n<div class=\"col-md-3\"><img data-recalc-dims=\"1\" loading=\"lazy\" decoding=\"async\" data-attachment-id=\"49\" data-permalink=\"http:\/\/mg-mecaloc.com\/index.php\/presentation\/logo-serg\/\" data-orig-file=\"https:\/\/i0.wp.com\/mg-mecaloc.com\/wp-content\/uploads\/2016\/02\/logo-serg.png?fit=300%2C154\" data-orig-size=\"300,154\" data-comments-opened=\"1\" data-image-meta=\"{&quot;aperture&quot;:&quot;0&quot;,&quot;credit&quot;:&quot;&quot;,&quot;camera&quot;:&quot;&quot;,&quot;caption&quot;:&quot;&quot;,&quot;created_timestamp&quot;:&quot;0&quot;,&quot;copyright&quot;:&quot;&quot;,&quot;focal_length&quot;:&quot;0&quot;,&quot;iso&quot;:&quot;0&quot;,&quot;shutter_speed&quot;:&quot;0&quot;,&quot;title&quot;:&quot;&quot;,&quot;orientation&quot;:&quot;0&quot;}\" data-image-title=\"logo-serg\" data-image-description=\"\" data-image-caption=\"\" data-medium-file=\"https:\/\/i0.wp.com\/mg-mecaloc.com\/wp-content\/uploads\/2016\/02\/logo-serg.png?fit=300%2C154\" data-large-file=\"https:\/\/i0.wp.com\/mg-mecaloc.com\/wp-content\/uploads\/2016\/02\/logo-serg.png?fit=300%2C154\" class=\"alignnone wp-image-49 size-medium\" src=\"https:\/\/i0.wp.com\/mg-mecaloc.com\/wp-content\/uploads\/2016\/02\/logo-serg.png?resize=300%2C154\" alt=\"Logo SERG\" width=\"300\" height=\"154\" \/><\/div>\n<div class=\"col-md-3\"><img data-recalc-dims=\"1\" loading=\"lazy\" decoding=\"async\" data-attachment-id=\"184\" data-permalink=\"http:\/\/mg-mecaloc.com\/index.php\/presentation\/logo-gbvr\/\" data-orig-file=\"https:\/\/i0.wp.com\/mg-mecaloc.com\/wp-content\/uploads\/2016\/02\/logo-gbvr.png?fit=1023%2C526\" data-orig-size=\"1023,526\" data-comments-opened=\"1\" data-image-meta=\"{&quot;aperture&quot;:&quot;0&quot;,&quot;credit&quot;:&quot;&quot;,&quot;camera&quot;:&quot;&quot;,&quot;caption&quot;:&quot;&quot;,&quot;created_timestamp&quot;:&quot;0&quot;,&quot;copyright&quot;:&quot;&quot;,&quot;focal_length&quot;:&quot;0&quot;,&quot;iso&quot;:&quot;0&quot;,&quot;shutter_speed&quot;:&quot;0&quot;,&quot;title&quot;:&quot;&quot;,&quot;orientation&quot;:&quot;0&quot;}\" data-image-title=\"logo gbvr\" data-image-description=\"\" data-image-caption=\"\" data-medium-file=\"https:\/\/i0.wp.com\/mg-mecaloc.com\/wp-content\/uploads\/2016\/02\/logo-gbvr.png?fit=300%2C154\" data-large-file=\"https:\/\/i0.wp.com\/mg-mecaloc.com\/wp-content\/uploads\/2016\/02\/logo-gbvr.png?fit=1023%2C526\" class=\"alignnone size-medium wp-image-184\" src=\"https:\/\/i0.wp.com\/mg-mecaloc.com\/wp-content\/uploads\/2016\/02\/logo-gbvr.png?resize=300%2C154\" alt=\"logo gbvr\" width=\"300\" height=\"154\" srcset=\"https:\/\/i0.wp.com\/mg-mecaloc.com\/wp-content\/uploads\/2016\/02\/logo-gbvr.png?resize=300%2C154 300w, https:\/\/i0.wp.com\/mg-mecaloc.com\/wp-content\/uploads\/2016\/02\/logo-gbvr.png?resize=768%2C395 768w, https:\/\/i0.wp.com\/mg-mecaloc.com\/wp-content\/uploads\/2016\/02\/logo-gbvr.png?w=1023 1023w\" sizes=\"auto, (max-width: 300px) 100vw, 300px\" \/><\/div>\n<p>&nbsp;<\/p>\n<p>&nbsp;<\/p>\n","protected":false},"excerpt":{"rendered":"<p>En association avec Herv\u00e9 et Jean-Luc Liotard, fondateurs de l&rsquo;entreprise Liotard TP, Steve M\u00fcller et Patrice Gauthier ont cr\u00e9\u00e9, en Juillet 2013, la soci\u00e9t\u00e9 MG Mecaloc, sp\u00e9cialis\u00e9e dans la m\u00e9canique lourde et la location. Implant\u00e9e \u00e0 Aurel dans la Dr\u00f4me, &hellip; <a href=\"http:\/\/mg-mecaloc.com\/index.php\/presentation\/\">Lire la suite\u00ad\u00ad<\/a><\/p>\n","protected":false},"author":1,"featured_media":0,"parent":0,"menu_order":0,"comment_status":"closed","ping_status":"closed","template":"","meta":{"jetpack_post_was_ever_published":false,"footnotes":""},"class_list":["post-9","page","type-page","status-publish","hentry"],"yoast_head":"<!-- This site is optimized with the Yoast SEO plugin v23.9 - https:\/\/yoast.com\/wordpress\/plugins\/seo\/ -->\n<title>Pr\u00e9sentation - MG Mecaloc - M\u00e9canique et Location<\/title>\n<meta name=\"robots\" content=\"index, follow, max-snippet:-1, max-image-preview:large, max-video-preview:-1\" \/>\n<link rel=\"canonical\" href=\"http:\/\/mg-mecaloc.com\/index.php\/presentation\/\" \/>\n<meta property=\"og:locale\" content=\"fr_FR\" \/>\n<meta property=\"og:type\" content=\"article\" \/>\n<meta property=\"og:title\" content=\"Pr\u00e9sentation - MG Mecaloc - M\u00e9canique et Location\" \/>\n<meta property=\"og:description\" content=\"En association avec Herv\u00e9 et Jean-Luc Liotard, fondateurs de l&rsquo;entreprise Liotard TP, Steve M\u00fcller et Patrice Gauthier ont cr\u00e9\u00e9, en Juillet 2013, la soci\u00e9t\u00e9 MG Mecaloc, sp\u00e9cialis\u00e9e dans la m\u00e9canique lourde et la location. Implant\u00e9e \u00e0 Aurel dans la Dr\u00f4me, &hellip; Lire la suite\u00ad\u00ad\" \/>\n<meta property=\"og:url\" content=\"http:\/\/mg-mecaloc.com\/index.php\/presentation\/\" \/>\n<meta property=\"og:site_name\" content=\"MG Mecaloc - M\u00e9canique et Location\" \/>\n<meta property=\"article:modified_time\" content=\"2016-06-14T08:03:12+00:00\" \/>\n<meta property=\"og:image\" content=\"http:\/\/mg-mecaloc.com\/wp-content\/uploads\/2016\/03\/Marnes-bleues.jpg\" \/>\n<meta name=\"twitter:card\" content=\"summary_large_image\" \/>\n<meta name=\"twitter:label1\" content=\"Dur\u00e9e de lecture estim\u00e9e\" \/>\n\t<meta name=\"twitter:data1\" content=\"1 minute\" \/>\n<script type=\"application\/ld+json\" class=\"yoast-schema-graph\">{\"@context\":\"https:\/\/schema.org\",\"@graph\":[{\"@type\":\"WebPage\",\"@id\":\"http:\/\/mg-mecaloc.com\/index.php\/presentation\/\",\"url\":\"http:\/\/mg-mecaloc.com\/index.php\/presentation\/\",\"name\":\"Pr\u00e9sentation - MG Mecaloc - M\u00e9canique et Location\",\"isPartOf\":{\"@id\":\"http:\/\/mg-mecaloc.com\/#website\"},\"primaryImageOfPage\":{\"@id\":\"http:\/\/mg-mecaloc.com\/index.php\/presentation\/#primaryimage\"},\"image\":{\"@id\":\"http:\/\/mg-mecaloc.com\/index.php\/presentation\/#primaryimage\"},\"thumbnailUrl\":\"http:\/\/mg-mecaloc.com\/wp-content\/uploads\/2016\/03\/Marnes-bleues.jpg\",\"datePublished\":\"2016-02-16T09:50:26+00:00\",\"dateModified\":\"2016-06-14T08:03:12+00:00\",\"breadcrumb\":{\"@id\":\"http:\/\/mg-mecaloc.com\/index.php\/presentation\/#breadcrumb\"},\"inLanguage\":\"fr-FR\",\"potentialAction\":[{\"@type\":\"ReadAction\",\"target\":[\"http:\/\/mg-mecaloc.com\/index.php\/presentation\/\"]}]},{\"@type\":\"ImageObject\",\"inLanguage\":\"fr-FR\",\"@id\":\"http:\/\/mg-mecaloc.com\/index.php\/presentation\/#primaryimage\",\"url\":\"https:\/\/i0.wp.com\/mg-mecaloc.com\/wp-content\/uploads\/2016\/03\/Marnes-bleues.jpg?fit=740%2C490\",\"contentUrl\":\"https:\/\/i0.wp.com\/mg-mecaloc.com\/wp-content\/uploads\/2016\/03\/Marnes-bleues.jpg?fit=740%2C490\",\"width\":740,\"height\":490,\"caption\":\"Site MG Mecaloc Les Marnes Bleues\"},{\"@type\":\"BreadcrumbList\",\"@id\":\"http:\/\/mg-mecaloc.com\/index.php\/presentation\/#breadcrumb\",\"itemListElement\":[{\"@type\":\"ListItem\",\"position\":1,\"name\":\"Accueil\",\"item\":\"http:\/\/mg-mecaloc.com\/\"},{\"@type\":\"ListItem\",\"position\":2,\"name\":\"Pr\u00e9sentation\"}]},{\"@type\":\"WebSite\",\"@id\":\"http:\/\/mg-mecaloc.com\/#website\",\"url\":\"http:\/\/mg-mecaloc.com\/\",\"name\":\"MG Mecaloc - M\u00e9canique et Location\",\"description\":\"M\u00e9canique lourde et location \u00e0 Aurel (Dr\u00f4me)\",\"potentialAction\":[{\"@type\":\"SearchAction\",\"target\":{\"@type\":\"EntryPoint\",\"urlTemplate\":\"http:\/\/mg-mecaloc.com\/?s={search_term_string}\"},\"query-input\":{\"@type\":\"PropertyValueSpecification\",\"valueRequired\":true,\"valueName\":\"search_term_string\"}}],\"inLanguage\":\"fr-FR\"}]}<\/script>\n<!-- \/ Yoast SEO plugin. -->","yoast_head_json":{"title":"Pr\u00e9sentation - MG Mecaloc - M\u00e9canique et Location","robots":{"index":"index","follow":"follow","max-snippet":"max-snippet:-1","max-image-preview":"max-image-preview:large","max-video-preview":"max-video-preview:-1"},"canonical":"http:\/\/mg-mecaloc.com\/index.php\/presentation\/","og_locale":"fr_FR","og_type":"article","og_title":"Pr\u00e9sentation - MG Mecaloc - M\u00e9canique et Location","og_description":"En association avec Herv\u00e9 et Jean-Luc Liotard, fondateurs de l&rsquo;entreprise Liotard TP, Steve M\u00fcller et Patrice Gauthier ont cr\u00e9\u00e9, en Juillet 2013, la soci\u00e9t\u00e9 MG Mecaloc, sp\u00e9cialis\u00e9e dans la m\u00e9canique lourde et la location. Implant\u00e9e \u00e0 Aurel dans la Dr\u00f4me, &hellip; Lire la suite\u00ad\u00ad","og_url":"http:\/\/mg-mecaloc.com\/index.php\/presentation\/","og_site_name":"MG Mecaloc - M\u00e9canique et Location","article_modified_time":"2016-06-14T08:03:12+00:00","og_image":[{"url":"http:\/\/mg-mecaloc.com\/wp-content\/uploads\/2016\/03\/Marnes-bleues.jpg"}],"twitter_card":"summary_large_image","twitter_misc":{"Dur\u00e9e de lecture estim\u00e9e":"1 minute"},"schema":{"@context":"https:\/\/schema.org","@graph":[{"@type":"WebPage","@id":"http:\/\/mg-mecaloc.com\/index.php\/presentation\/","url":"http:\/\/mg-mecaloc.com\/index.php\/presentation\/","name":"Pr\u00e9sentation - MG Mecaloc - M\u00e9canique et Location","isPartOf":{"@id":"http:\/\/mg-mecaloc.com\/#website"},"primaryImageOfPage":{"@id":"http:\/\/mg-mecaloc.com\/index.php\/presentation\/#primaryimage"},"image":{"@id":"http:\/\/mg-mecaloc.com\/index.php\/presentation\/#primaryimage"},"thumbnailUrl":"http:\/\/mg-mecaloc.com\/wp-content\/uploads\/2016\/03\/Marnes-bleues.jpg","datePublished":"2016-02-16T09:50:26+00:00","dateModified":"2016-06-14T08:03:12+00:00","breadcrumb":{"@id":"http:\/\/mg-mecaloc.com\/index.php\/presentation\/#breadcrumb"},"inLanguage":"fr-FR","potentialAction":[{"@type":"ReadAction","target":["http:\/\/mg-mecaloc.com\/index.php\/presentation\/"]}]},{"@type":"ImageObject","inLanguage":"fr-FR","@id":"http:\/\/mg-mecaloc.com\/index.php\/presentation\/#primaryimage","url":"https:\/\/i0.wp.com\/mg-mecaloc.com\/wp-content\/uploads\/2016\/03\/Marnes-bleues.jpg?fit=740%2C490","contentUrl":"https:\/\/i0.wp.com\/mg-mecaloc.com\/wp-content\/uploads\/2016\/03\/Marnes-bleues.jpg?fit=740%2C490","width":740,"height":490,"caption":"Site MG Mecaloc Les Marnes Bleues"},{"@type":"BreadcrumbList","@id":"http:\/\/mg-mecaloc.com\/index.php\/presentation\/#breadcrumb","itemListElement":[{"@type":"ListItem","position":1,"name":"Accueil","item":"http:\/\/mg-mecaloc.com\/"},{"@type":"ListItem","position":2,"name":"Pr\u00e9sentation"}]},{"@type":"WebSite","@id":"http:\/\/mg-mecaloc.com\/#website","url":"http:\/\/mg-mecaloc.com\/","name":"MG Mecaloc - M\u00e9canique et Location","description":"M\u00e9canique lourde et location \u00e0 Aurel (Dr\u00f4me)","potentialAction":[{"@type":"SearchAction","target":{"@type":"EntryPoint","urlTemplate":"http:\/\/mg-mecaloc.com\/?s={search_term_string}"},"query-input":{"@type":"PropertyValueSpecification","valueRequired":true,"valueName":"search_term_string"}}],"inLanguage":"fr-FR"}]}},"jetpack_sharing_enabled":true,"jetpack_shortlink":"https:\/\/wp.me\/P7iO5F-9","jetpack-related-posts":[],"_links":{"self":[{"href":"http:\/\/mg-mecaloc.com\/index.php\/wp-json\/wp\/v2\/pages\/9","targetHints":{"allow":["GET"]}}],"collection":[{"href":"http:\/\/mg-mecaloc.com\/index.php\/wp-json\/wp\/v2\/pages"}],"about":[{"href":"http:\/\/mg-mecaloc.com\/index.php\/wp-json\/wp\/v2\/types\/page"}],"author":[{"embeddable":true,"href":"http:\/\/mg-mecaloc.com\/index.php\/wp-json\/wp\/v2\/users\/1"}],"replies":[{"embeddable":true,"href":"http:\/\/mg-mecaloc.com\/index.php\/wp-json\/wp\/v2\/comments?post=9"}],"version-history":[{"count":10,"href":"http:\/\/mg-mecaloc.com\/index.php\/wp-json\/wp\/v2\/pages\/9\/revisions"}],"predecessor-version":[{"id":186,"href":"http:\/\/mg-mecaloc.com\/index.php\/wp-json\/wp\/v2\/pages\/9\/revisions\/186"}],"wp:attachment":[{"href":"http:\/\/mg-mecaloc.com\/index.php\/wp-json\/wp\/v2\/media?parent=9"}],"curies":[{"name":"wp","href":"https:\/\/api.w.org\/{rel}","templated":true}]}}