{"id":67,"date":"2016-03-10T12:50:59","date_gmt":"2016-03-10T11:50:59","guid":{"rendered":"http:\/\/mg-mecaloc.com\/?page_id=67"},"modified":"2016-06-03T10:23:01","modified_gmt":"2016-06-03T09:23:01","slug":"carriere","status":"publish","type":"page","link":"http:\/\/mg-mecaloc.com\/index.php\/carriere\/","title":{"rendered":"Carri\u00e8re"},"content":{"rendered":"<h2 style=\"text-align: justify;\">Donnez un coup d&rsquo;acc\u00e9l\u00e9rateur \u00e0 votre carri\u00e8re !<\/h2>\n<div class=\"row\"> <div class=\"col-md-4\">\n<p><img data-recalc-dims=\"1\" loading=\"lazy\" decoding=\"async\" data-attachment-id=\"75\" data-permalink=\"http:\/\/mg-mecaloc.com\/index.php\/carriere\/vehicules-agricoles-tp-mecznique-lourde\/\" data-orig-file=\"https:\/\/i0.wp.com\/mg-mecaloc.com\/wp-content\/uploads\/2016\/03\/v%C3%A9hicules-agricoles-TP-m%C3%A9cznique-lourde.jpg?fit=900%2C595\" data-orig-size=\"900,595\" data-comments-opened=\"1\" data-image-meta=\"{&quot;aperture&quot;:&quot;4&quot;,&quot;credit&quot;:&quot;&quot;,&quot;camera&quot;:&quot;NIKON D5100&quot;,&quot;caption&quot;:&quot;&quot;,&quot;created_timestamp&quot;:&quot;1429550172&quot;,&quot;copyright&quot;:&quot;&quot;,&quot;focal_length&quot;:&quot;25&quot;,&quot;iso&quot;:&quot;400&quot;,&quot;shutter_speed&quot;:&quot;0.00025&quot;,&quot;title&quot;:&quot;&quot;,&quot;orientation&quot;:&quot;1&quot;}\" data-image-title=\"v\u00e9hicules agricoles TP m\u00e9cznique lourde\" data-image-description=\"\" data-image-caption=\"\" data-medium-file=\"https:\/\/i0.wp.com\/mg-mecaloc.com\/wp-content\/uploads\/2016\/03\/v%C3%A9hicules-agricoles-TP-m%C3%A9cznique-lourde.jpg?fit=300%2C198\" data-large-file=\"https:\/\/i0.wp.com\/mg-mecaloc.com\/wp-content\/uploads\/2016\/03\/v%C3%A9hicules-agricoles-TP-m%C3%A9cznique-lourde.jpg?fit=900%2C595\" class=\"alignnone size-medium wp-image-75\" src=\"https:\/\/i0.wp.com\/mg-mecaloc.com\/wp-content\/uploads\/2016\/03\/v%C3%A9hicules-agricoles-TP-m%C3%A9cznique-lourde.jpg?resize=300%2C198\" alt=\"v\u00e9hicules agricoles TP m\u00e9cznique lourde\" width=\"300\" height=\"198\" srcset=\"https:\/\/i0.wp.com\/mg-mecaloc.com\/wp-content\/uploads\/2016\/03\/v%C3%A9hicules-agricoles-TP-m%C3%A9cznique-lourde.jpg?resize=300%2C198 300w, https:\/\/i0.wp.com\/mg-mecaloc.com\/wp-content\/uploads\/2016\/03\/v%C3%A9hicules-agricoles-TP-m%C3%A9cznique-lourde.jpg?resize=768%2C508 768w, https:\/\/i0.wp.com\/mg-mecaloc.com\/wp-content\/uploads\/2016\/03\/v%C3%A9hicules-agricoles-TP-m%C3%A9cznique-lourde.jpg?w=900 900w\" sizes=\"auto, (max-width: 300px) 100vw, 300px\" \/><\/p>\n<\/div><div class=\"col-md-8\">\n<p style=\"text-align: justify;\">Vous souhaitez vous d\u00e9marquer dans le domaine de la m\u00e9canique ? Vous recherchez un milieu de travail enrichissant et des activit\u00e9s diversifi\u00e9es ? Vous aimez le travail d\u2019\u00e9quipe ?<\/p>\n<p style=\"text-align: justify;\">Nous sommes toujours \u00e0 la recherche d\u2019employ\u00e9s talentueux et dynamiques pour r\u00e9pondre \u00e0 notre d\u00e9veloppement.<\/p>\n<p style=\"text-align: justify;\"><strong>L\u2019am\u00e9lioration continue des comp\u00e9tences et la transmission des savoir-faire est au c\u0153ur des pr\u00e9occupations de MG Mecaloc. <\/strong><\/p>\n<p style=\"text-align: justify;\">C&rsquo;est pourquoi nous int\u00e9grons des jeunes en<strong> Contrat d\u2019Apprentissage ou de Professionnalisation<\/strong>.<\/p>\n<\/div><\/div>\n<p style=\"text-align: justify;\">Vous souhaitez rejoindre MG Mecaloc, alors <a href=\"http:\/\/mg-mecaloc.com\/index.php\/category\/emploi\/\"><strong>consultez nos offres d&#8217;emploi<\/strong><\/a> ou <strong>adressez nous votre candidature spontan\u00e9e en remplissant le formulaire ci-dessous<\/strong>.<\/p>\n<p style=\"text-align: justify;\">Nous examinerons votre candidature d\u00e8s r\u00e9ception de votre CV et votre lettre de motivation et nous vous contacterons si un poste correspondant \u00e0 votre profil est disponible.<\/p>\n\n<div class=\"wpcf7 no-js\" id=\"wpcf7-f70-o1\" lang=\"fr-FR\" dir=\"ltr\" data-wpcf7-id=\"70\">\n<div class=\"screen-reader-response\"><p role=\"status\" aria-live=\"polite\" aria-atomic=\"true\"><\/p> <ul><\/ul><\/div>\n<form action=\"\/index.php\/wp-json\/wp\/v2\/pages\/67#wpcf7-f70-o1\" method=\"post\" class=\"wpcf7-form init\" aria-label=\"Formulaire de contact\" enctype=\"multipart\/form-data\" novalidate=\"novalidate\" data-status=\"init\">\n<div style=\"display: none;\">\n<input type=\"hidden\" name=\"_wpcf7\" value=\"70\" \/>\n<input type=\"hidden\" name=\"_wpcf7_version\" value=\"6.0.1\" \/>\n<input type=\"hidden\" name=\"_wpcf7_locale\" value=\"fr_FR\" \/>\n<input type=\"hidden\" name=\"_wpcf7_unit_tag\" value=\"wpcf7-f70-o1\" \/>\n<input type=\"hidden\" name=\"_wpcf7_container_post\" value=\"0\" \/>\n<input type=\"hidden\" name=\"_wpcf7_posted_data_hash\" value=\"\" \/>\n<\/div>\n<p>Votre nom (obligatoire)\n<\/p>\n<p><span class=\"wpcf7-form-control-wrap\" data-name=\"your-name\"><input size=\"40\" maxlength=\"400\" class=\"wpcf7-form-control wpcf7-text wpcf7-validates-as-required\" aria-required=\"true\" aria-invalid=\"false\" value=\"\" type=\"text\" name=\"your-name\" \/><\/span>\n<\/p>\n<p>Votre prenom (obligatoire)\n<\/p>\n<p><span class=\"wpcf7-form-control-wrap\" data-name=\"your-surname\"><input size=\"40\" maxlength=\"400\" class=\"wpcf7-form-control wpcf7-text wpcf7-validates-as-required\" aria-required=\"true\" aria-invalid=\"false\" value=\"\" type=\"text\" name=\"your-surname\" \/><\/span>\n<\/p>\n<p>Votre email (obligatoire)\n<\/p>\n<p><span class=\"wpcf7-form-control-wrap\" data-name=\"your-email\"><input size=\"40\" maxlength=\"400\" class=\"wpcf7-form-control wpcf7-email wpcf7-validates-as-required wpcf7-text wpcf7-validates-as-email\" aria-required=\"true\" aria-invalid=\"false\" value=\"\" type=\"email\" name=\"your-email\" \/><\/span>\n<\/p>\n<p>Votre message\n<\/p>\n<p><span class=\"wpcf7-form-control-wrap\" data-name=\"your-message\"><textarea cols=\"40\" rows=\"10\" maxlength=\"2000\" class=\"wpcf7-form-control wpcf7-textarea\" aria-invalid=\"false\" name=\"your-message\"><\/textarea><\/span>\n<\/p>\n<p>Votre CV\n<\/p>\n<p><span class=\"wpcf7-form-control-wrap\" data-name=\"CV\"><input size=\"40\" class=\"wpcf7-form-control wpcf7-file\" accept=\".pdf,.doc,.docx,.odt\" aria-invalid=\"false\" type=\"file\" name=\"CV\" \/><\/span>\n<\/p>\n<p>Votre lettre de motivation\n<\/p>\n<p><span class=\"wpcf7-form-control-wrap\" data-name=\"lettremotivation\"><input size=\"40\" class=\"wpcf7-form-control wpcf7-file\" accept=\".pdf,.doc,.docx,.odt\" aria-invalid=\"false\" type=\"file\" name=\"lettremotivation\" \/><\/span>\n<\/p>\n<p><input class=\"wpcf7-form-control wpcf7-submit has-spinner\" type=\"submit\" value=\"Envoyer\" \/>\n<\/p><p style=\"display: none !important;\" class=\"akismet-fields-container\" data-prefix=\"_wpcf7_ak_\"><label>&#916;<textarea name=\"_wpcf7_ak_hp_textarea\" cols=\"45\" rows=\"8\" maxlength=\"100\"><\/textarea><\/label><input type=\"hidden\" id=\"ak_js_1\" name=\"_wpcf7_ak_js\" value=\"52\"\/><script>document.getElementById( \"ak_js_1\" ).setAttribute( \"value\", ( new Date() ).getTime() );<\/script><\/p><div class=\"wpcf7-response-output\" aria-hidden=\"true\"><\/div>\n<\/form>\n<\/div>\n\n","protected":false},"excerpt":{"rendered":"<p>Donnez un coup d&rsquo;acc\u00e9l\u00e9rateur \u00e0 votre carri\u00e8re ! Vous souhaitez rejoindre MG Mecaloc, alors consultez nos offres d&#8217;emploi ou adressez nous votre candidature spontan\u00e9e en remplissant le formulaire ci-dessous. Nous examinerons votre candidature d\u00e8s r\u00e9ception de votre CV et votre &hellip; <a href=\"http:\/\/mg-mecaloc.com\/index.php\/carriere\/\">Lire la suite\u00ad\u00ad<\/a><\/p>\n","protected":false},"author":1,"featured_media":0,"parent":0,"menu_order":0,"comment_status":"closed","ping_status":"closed","template":"","meta":{"jetpack_post_was_ever_published":false,"footnotes":""},"class_list":["post-67","page","type-page","status-publish","hentry"],"yoast_head":"<!-- This site is optimized with the Yoast SEO plugin v23.9 - https:\/\/yoast.com\/wordpress\/plugins\/seo\/ -->\n<title>Carri\u00e8re - MG Mecaloc - M\u00e9canique et Location<\/title>\n<meta name=\"description\" content=\"Donnez un coup d&#039;acc\u00e9l\u00e9rateur \u00e0 votre carri\u00e8re ! Vous souhaitez vous d\u00e9marquer dans le domaine de la m\u00e9canique ? Rejoignez MG Mecaloc !\" \/>\n<meta name=\"robots\" content=\"index, follow, max-snippet:-1, max-image-preview:large, max-video-preview:-1\" \/>\n<link rel=\"canonical\" href=\"http:\/\/mg-mecaloc.com\/index.php\/carriere\/\" \/>\n<meta property=\"og:locale\" content=\"fr_FR\" \/>\n<meta property=\"og:type\" content=\"article\" \/>\n<meta property=\"og:title\" content=\"Carri\u00e8re - MG Mecaloc - M\u00e9canique et Location\" \/>\n<meta property=\"og:description\" content=\"Donnez un coup d&#039;acc\u00e9l\u00e9rateur \u00e0 votre carri\u00e8re ! Vous souhaitez vous d\u00e9marquer dans le domaine de la m\u00e9canique ? Rejoignez MG Mecaloc !\" \/>\n<meta property=\"og:url\" content=\"http:\/\/mg-mecaloc.com\/index.php\/carriere\/\" \/>\n<meta property=\"og:site_name\" content=\"MG Mecaloc - M\u00e9canique et Location\" \/>\n<meta property=\"article:modified_time\" content=\"2016-06-03T09:23:01+00:00\" \/>\n<meta name=\"twitter:card\" content=\"summary_large_image\" \/>\n<meta name=\"twitter:label1\" content=\"Dur\u00e9e de lecture estim\u00e9e\" \/>\n\t<meta name=\"twitter:data1\" content=\"1 minute\" \/>\n<script type=\"application\/ld+json\" class=\"yoast-schema-graph\">{\"@context\":\"https:\/\/schema.org\",\"@graph\":[{\"@type\":\"WebPage\",\"@id\":\"http:\/\/mg-mecaloc.com\/index.php\/carriere\/\",\"url\":\"http:\/\/mg-mecaloc.com\/index.php\/carriere\/\",\"name\":\"Carri\u00e8re - MG Mecaloc - M\u00e9canique et Location\",\"isPartOf\":{\"@id\":\"http:\/\/mg-mecaloc.com\/#website\"},\"datePublished\":\"2016-03-10T11:50:59+00:00\",\"dateModified\":\"2016-06-03T09:23:01+00:00\",\"description\":\"Donnez un coup d'acc\u00e9l\u00e9rateur \u00e0 votre carri\u00e8re ! Vous souhaitez vous d\u00e9marquer dans le domaine de la m\u00e9canique ? Rejoignez MG Mecaloc !\",\"breadcrumb\":{\"@id\":\"http:\/\/mg-mecaloc.com\/index.php\/carriere\/#breadcrumb\"},\"inLanguage\":\"fr-FR\",\"potentialAction\":[{\"@type\":\"ReadAction\",\"target\":[\"http:\/\/mg-mecaloc.com\/index.php\/carriere\/\"]}]},{\"@type\":\"BreadcrumbList\",\"@id\":\"http:\/\/mg-mecaloc.com\/index.php\/carriere\/#breadcrumb\",\"itemListElement\":[{\"@type\":\"ListItem\",\"position\":1,\"name\":\"Accueil\",\"item\":\"http:\/\/mg-mecaloc.com\/\"},{\"@type\":\"ListItem\",\"position\":2,\"name\":\"Carri\u00e8re\"}]},{\"@type\":\"WebSite\",\"@id\":\"http:\/\/mg-mecaloc.com\/#website\",\"url\":\"http:\/\/mg-mecaloc.com\/\",\"name\":\"MG Mecaloc - M\u00e9canique et Location\",\"description\":\"M\u00e9canique lourde et location \u00e0 Aurel (Dr\u00f4me)\",\"potentialAction\":[{\"@type\":\"SearchAction\",\"target\":{\"@type\":\"EntryPoint\",\"urlTemplate\":\"http:\/\/mg-mecaloc.com\/?s={search_term_string}\"},\"query-input\":{\"@type\":\"PropertyValueSpecification\",\"valueRequired\":true,\"valueName\":\"search_term_string\"}}],\"inLanguage\":\"fr-FR\"}]}<\/script>\n<!-- \/ Yoast SEO plugin. -->","yoast_head_json":{"title":"Carri\u00e8re - MG Mecaloc - M\u00e9canique et Location","description":"Donnez un coup d'acc\u00e9l\u00e9rateur \u00e0 votre carri\u00e8re ! Vous souhaitez vous d\u00e9marquer dans le domaine de la m\u00e9canique ? Rejoignez MG Mecaloc !","robots":{"index":"index","follow":"follow","max-snippet":"max-snippet:-1","max-image-preview":"max-image-preview:large","max-video-preview":"max-video-preview:-1"},"canonical":"http:\/\/mg-mecaloc.com\/index.php\/carriere\/","og_locale":"fr_FR","og_type":"article","og_title":"Carri\u00e8re - MG Mecaloc - M\u00e9canique et Location","og_description":"Donnez un coup d'acc\u00e9l\u00e9rateur \u00e0 votre carri\u00e8re ! Vous souhaitez vous d\u00e9marquer dans le domaine de la m\u00e9canique ? Rejoignez MG Mecaloc !","og_url":"http:\/\/mg-mecaloc.com\/index.php\/carriere\/","og_site_name":"MG Mecaloc - M\u00e9canique et Location","article_modified_time":"2016-06-03T09:23:01+00:00","twitter_card":"summary_large_image","twitter_misc":{"Dur\u00e9e de lecture estim\u00e9e":"1 minute"},"schema":{"@context":"https:\/\/schema.org","@graph":[{"@type":"WebPage","@id":"http:\/\/mg-mecaloc.com\/index.php\/carriere\/","url":"http:\/\/mg-mecaloc.com\/index.php\/carriere\/","name":"Carri\u00e8re - MG Mecaloc - M\u00e9canique et Location","isPartOf":{"@id":"http:\/\/mg-mecaloc.com\/#website"},"datePublished":"2016-03-10T11:50:59+00:00","dateModified":"2016-06-03T09:23:01+00:00","description":"Donnez un coup d'acc\u00e9l\u00e9rateur \u00e0 votre carri\u00e8re ! Vous souhaitez vous d\u00e9marquer dans le domaine de la m\u00e9canique ? Rejoignez MG Mecaloc !","breadcrumb":{"@id":"http:\/\/mg-mecaloc.com\/index.php\/carriere\/#breadcrumb"},"inLanguage":"fr-FR","potentialAction":[{"@type":"ReadAction","target":["http:\/\/mg-mecaloc.com\/index.php\/carriere\/"]}]},{"@type":"BreadcrumbList","@id":"http:\/\/mg-mecaloc.com\/index.php\/carriere\/#breadcrumb","itemListElement":[{"@type":"ListItem","position":1,"name":"Accueil","item":"http:\/\/mg-mecaloc.com\/"},{"@type":"ListItem","position":2,"name":"Carri\u00e8re"}]},{"@type":"WebSite","@id":"http:\/\/mg-mecaloc.com\/#website","url":"http:\/\/mg-mecaloc.com\/","name":"MG Mecaloc - M\u00e9canique et Location","description":"M\u00e9canique lourde et location \u00e0 Aurel (Dr\u00f4me)","potentialAction":[{"@type":"SearchAction","target":{"@type":"EntryPoint","urlTemplate":"http:\/\/mg-mecaloc.com\/?s={search_term_string}"},"query-input":{"@type":"PropertyValueSpecification","valueRequired":true,"valueName":"search_term_string"}}],"inLanguage":"fr-FR"}]}},"jetpack_sharing_enabled":true,"jetpack_shortlink":"https:\/\/wp.me\/P7iO5F-15","jetpack-related-posts":[],"_links":{"self":[{"href":"http:\/\/mg-mecaloc.com\/index.php\/wp-json\/wp\/v2\/pages\/67","targetHints":{"allow":["GET"]}}],"collection":[{"href":"http:\/\/mg-mecaloc.com\/index.php\/wp-json\/wp\/v2\/pages"}],"about":[{"href":"http:\/\/mg-mecaloc.com\/index.php\/wp-json\/wp\/v2\/types\/page"}],"author":[{"embeddable":true,"href":"http:\/\/mg-mecaloc.com\/index.php\/wp-json\/wp\/v2\/users\/1"}],"replies":[{"embeddable":true,"href":"http:\/\/mg-mecaloc.com\/index.php\/wp-json\/wp\/v2\/comments?post=67"}],"version-history":[{"count":6,"href":"http:\/\/mg-mecaloc.com\/index.php\/wp-json\/wp\/v2\/pages\/67\/revisions"}],"predecessor-version":[{"id":175,"href":"http:\/\/mg-mecaloc.com\/index.php\/wp-json\/wp\/v2\/pages\/67\/revisions\/175"}],"wp:attachment":[{"href":"http:\/\/mg-mecaloc.com\/index.php\/wp-json\/wp\/v2\/media?parent=67"}],"curies":[{"name":"wp","href":"https:\/\/api.w.org\/{rel}","templated":true}]}}