{"id":56,"date":"2016-03-04T17:33:01","date_gmt":"2016-03-04T16:33:01","guid":{"rendered":"http:\/\/mg-mecaloc.com\/?page_id=56"},"modified":"2016-03-04T17:40:53","modified_gmt":"2016-03-04T16:40:53","slug":"mentions-legales","status":"publish","type":"page","link":"http:\/\/mg-mecaloc.com\/index.php\/mentions-legales\/","title":{"rendered":"Mentions l\u00e9gales"},"content":{"rendered":"<p><strong>Propri\u00e9taire du Site<\/strong><br \/>\nMG Mecaloc<br \/>\nQuartier la Pigne<br \/>\n26340 Aurel<\/p>\n<p>T\u00e9l : +33(0) 4 75 21 80 30<\/p>\n<p>Accueil\u00a0: 07:30 &#8211; 18:30<\/p>\n<p>SARL au capital de 25 000\u20ac<br \/>\nR.C.S. 793\u00a0964\u00a0396<br \/>\nSIRET 79396439600014<br \/>\nAPE R\u00e9paration de machines et \u00e9quipements m\u00e9caniques (3312Z)<\/p>\n<p>N\u00b0 Intracommunautaire\u00a0:<\/p>\n<p><strong>Directeur de Publication<\/strong><br \/>\nSteve M\u00fcller<\/p>\n<p><strong>Site R\u00e9alis\u00e9 par<\/strong><\/p>\n<p>Studio NTIC<\/p>\n<p><strong>H\u00e9bergeur<br \/>\n<\/strong>SAS OVH, 2 rue Kellermann, BP 80157, 59100 Roubaix<\/p>\n<p><strong>Droits d\u2019Auteur et R\u00e8glement d\u2019Utilisation<\/strong><br \/>\nLe site internet www.mg-mecaloc.com rel\u00e8ve du principe de la protection du Droit d\u2019Auteur, pos\u00e9 par l\u2019article L.111-1 du Code de la Propri\u00e9t\u00e9 Intellectuelle. Il est la propri\u00e9t\u00e9 exclusive de la soci\u00e9t\u00e9 <span class=\"setp\">MG Mecaloc<\/span>.<br \/>\nLa totalit\u00e9 de son contenu \u2013 textes, logos, scripts, images, ic\u00f4nes\u2026 \u2013 est donc prot\u00e9g\u00e9e. Aucune copie, reproduction, diffusion, modification, transmission (par t\u00e9l\u00e9chargement, email, ou tout autre support de communication) m\u00eame partielle (autre que celle pr\u00e9vue \u00e0 l\u2019article L 122-5 du CPI*) de ce contenu ne peut \u00eatre faite sans l\u2019autorisation expresse de la soci\u00e9t\u00e9 <span class=\"setp\">MG Mecaloc<\/span>.<\/p>\n<p>Toutes les photos du site www.mg-mecaloc.com sont prot\u00e9g\u00e9es par un copyright, elles ne pourront \u00eatre utilis\u00e9es sans l\u2019autorisation de la soci\u00e9t\u00e9 <span class=\"setp\">MG Mecaloc<\/span>.<\/p>\n<p>En naviguant sur ce site, l\u2019internaute s\u2019engage \u00e0 ne pas en perturber le bon fonctionnement par des actes malveillants \u00e0 l\u2019encontre dudit site ou de l\u2019\u00e9diteur (tels que l\u2019usurpation d\u2019identit\u00e9, d\u2019adresse ou la manipulation des identifiants \u00e9lectroniques).<\/p>\n<p>Les informations publi\u00e9es sur ce site n\u2019ont pas de caract\u00e8re contractuel. La responsabilit\u00e9 de la soci\u00e9t\u00e9\u00a0<span class=\"setp\">MG Mecaloc<\/span> ne pourra \u00eatre engag\u00e9e en cas d\u2019inexactitude ou d\u2019omission.<\/p>\n","protected":false},"excerpt":{"rendered":"<p>Propri\u00e9taire du Site MG Mecaloc Quartier la Pigne 26340 Aurel T\u00e9l : +33(0) 4 75 21 80 30 Accueil\u00a0: 07:30 &#8211; 18:30 SARL au capital de 25 000\u20ac R.C.S. 793\u00a0964\u00a0396 SIRET 79396439600014 APE R\u00e9paration de machines et \u00e9quipements m\u00e9caniques (3312Z) &hellip; <a href=\"http:\/\/mg-mecaloc.com\/index.php\/mentions-legales\/\">Lire la suite\u00ad\u00ad<\/a><\/p>\n","protected":false},"author":1,"featured_media":0,"parent":0,"menu_order":0,"comment_status":"closed","ping_status":"closed","template":"","meta":{"jetpack_post_was_ever_published":false,"footnotes":""},"class_list":["post-56","page","type-page","status-publish","hentry"],"yoast_head":"<!-- This site is optimized with the Yoast SEO plugin v23.9 - https:\/\/yoast.com\/wordpress\/plugins\/seo\/ -->\n<title>Mentions l\u00e9gales - MG Mecaloc - M\u00e9canique et Location<\/title>\n<meta name=\"robots\" content=\"index, follow, max-snippet:-1, max-image-preview:large, max-video-preview:-1\" \/>\n<link rel=\"canonical\" href=\"https:\/\/mg-mecaloc.com\/index.php\/mentions-legales\/\" \/>\n<meta property=\"og:locale\" content=\"fr_FR\" \/>\n<meta property=\"og:type\" content=\"article\" \/>\n<meta property=\"og:title\" content=\"Mentions l\u00e9gales - MG Mecaloc - M\u00e9canique et Location\" \/>\n<meta property=\"og:description\" content=\"Propri\u00e9taire du Site MG Mecaloc Quartier la Pigne 26340 Aurel T\u00e9l : +33(0) 4 75 21 80 30 Accueil\u00a0: 07:30 &#8211; 18:30 SARL au capital de 25 000\u20ac R.C.S. 793\u00a0964\u00a0396 SIRET 79396439600014 APE R\u00e9paration de machines et \u00e9quipements m\u00e9caniques (3312Z) &hellip; Lire la suite\u00ad\u00ad\" \/>\n<meta property=\"og:url\" content=\"https:\/\/mg-mecaloc.com\/index.php\/mentions-legales\/\" \/>\n<meta property=\"og:site_name\" content=\"MG Mecaloc - M\u00e9canique et Location\" \/>\n<meta property=\"article:modified_time\" content=\"2016-03-04T16:40:53+00:00\" \/>\n<meta name=\"twitter:card\" content=\"summary_large_image\" \/>\n<meta name=\"twitter:label1\" content=\"Dur\u00e9e de lecture estim\u00e9e\" \/>\n\t<meta name=\"twitter:data1\" content=\"1 minute\" \/>\n<script type=\"application\/ld+json\" class=\"yoast-schema-graph\">{\"@context\":\"https:\/\/schema.org\",\"@graph\":[{\"@type\":\"WebPage\",\"@id\":\"https:\/\/mg-mecaloc.com\/index.php\/mentions-legales\/\",\"url\":\"https:\/\/mg-mecaloc.com\/index.php\/mentions-legales\/\",\"name\":\"Mentions l\u00e9gales - MG Mecaloc - M\u00e9canique et Location\",\"isPartOf\":{\"@id\":\"http:\/\/mg-mecaloc.com\/#website\"},\"datePublished\":\"2016-03-04T16:33:01+00:00\",\"dateModified\":\"2016-03-04T16:40:53+00:00\",\"breadcrumb\":{\"@id\":\"https:\/\/mg-mecaloc.com\/index.php\/mentions-legales\/#breadcrumb\"},\"inLanguage\":\"fr-FR\",\"potentialAction\":[{\"@type\":\"ReadAction\",\"target\":[\"https:\/\/mg-mecaloc.com\/index.php\/mentions-legales\/\"]}]},{\"@type\":\"BreadcrumbList\",\"@id\":\"https:\/\/mg-mecaloc.com\/index.php\/mentions-legales\/#breadcrumb\",\"itemListElement\":[{\"@type\":\"ListItem\",\"position\":1,\"name\":\"Accueil\",\"item\":\"http:\/\/mg-mecaloc.com\/\"},{\"@type\":\"ListItem\",\"position\":2,\"name\":\"Mentions l\u00e9gales\"}]},{\"@type\":\"WebSite\",\"@id\":\"http:\/\/mg-mecaloc.com\/#website\",\"url\":\"http:\/\/mg-mecaloc.com\/\",\"name\":\"MG Mecaloc - M\u00e9canique et Location\",\"description\":\"M\u00e9canique lourde et location \u00e0 Aurel (Dr\u00f4me)\",\"potentialAction\":[{\"@type\":\"SearchAction\",\"target\":{\"@type\":\"EntryPoint\",\"urlTemplate\":\"http:\/\/mg-mecaloc.com\/?s={search_term_string}\"},\"query-input\":{\"@type\":\"PropertyValueSpecification\",\"valueRequired\":true,\"valueName\":\"search_term_string\"}}],\"inLanguage\":\"fr-FR\"}]}<\/script>\n<!-- \/ Yoast SEO plugin. -->","yoast_head_json":{"title":"Mentions l\u00e9gales - MG Mecaloc - M\u00e9canique et Location","robots":{"index":"index","follow":"follow","max-snippet":"max-snippet:-1","max-image-preview":"max-image-preview:large","max-video-preview":"max-video-preview:-1"},"canonical":"https:\/\/mg-mecaloc.com\/index.php\/mentions-legales\/","og_locale":"fr_FR","og_type":"article","og_title":"Mentions l\u00e9gales - MG Mecaloc - M\u00e9canique et Location","og_description":"Propri\u00e9taire du Site MG Mecaloc Quartier la Pigne 26340 Aurel T\u00e9l : +33(0) 4 75 21 80 30 Accueil\u00a0: 07:30 &#8211; 18:30 SARL au capital de 25 000\u20ac R.C.S. 793\u00a0964\u00a0396 SIRET 79396439600014 APE R\u00e9paration de machines et \u00e9quipements m\u00e9caniques (3312Z) &hellip; Lire la suite\u00ad\u00ad","og_url":"https:\/\/mg-mecaloc.com\/index.php\/mentions-legales\/","og_site_name":"MG Mecaloc - M\u00e9canique et Location","article_modified_time":"2016-03-04T16:40:53+00:00","twitter_card":"summary_large_image","twitter_misc":{"Dur\u00e9e de lecture estim\u00e9e":"1 minute"},"schema":{"@context":"https:\/\/schema.org","@graph":[{"@type":"WebPage","@id":"https:\/\/mg-mecaloc.com\/index.php\/mentions-legales\/","url":"https:\/\/mg-mecaloc.com\/index.php\/mentions-legales\/","name":"Mentions l\u00e9gales - MG Mecaloc - M\u00e9canique et Location","isPartOf":{"@id":"http:\/\/mg-mecaloc.com\/#website"},"datePublished":"2016-03-04T16:33:01+00:00","dateModified":"2016-03-04T16:40:53+00:00","breadcrumb":{"@id":"https:\/\/mg-mecaloc.com\/index.php\/mentions-legales\/#breadcrumb"},"inLanguage":"fr-FR","potentialAction":[{"@type":"ReadAction","target":["https:\/\/mg-mecaloc.com\/index.php\/mentions-legales\/"]}]},{"@type":"BreadcrumbList","@id":"https:\/\/mg-mecaloc.com\/index.php\/mentions-legales\/#breadcrumb","itemListElement":[{"@type":"ListItem","position":1,"name":"Accueil","item":"http:\/\/mg-mecaloc.com\/"},{"@type":"ListItem","position":2,"name":"Mentions l\u00e9gales"}]},{"@type":"WebSite","@id":"http:\/\/mg-mecaloc.com\/#website","url":"http:\/\/mg-mecaloc.com\/","name":"MG Mecaloc - M\u00e9canique et Location","description":"M\u00e9canique lourde et location \u00e0 Aurel (Dr\u00f4me)","potentialAction":[{"@type":"SearchAction","target":{"@type":"EntryPoint","urlTemplate":"http:\/\/mg-mecaloc.com\/?s={search_term_string}"},"query-input":{"@type":"PropertyValueSpecification","valueRequired":true,"valueName":"search_term_string"}}],"inLanguage":"fr-FR"}]}},"jetpack_sharing_enabled":true,"jetpack_shortlink":"https:\/\/wp.me\/P7iO5F-U","jetpack-related-posts":[],"_links":{"self":[{"href":"http:\/\/mg-mecaloc.com\/index.php\/wp-json\/wp\/v2\/pages\/56","targetHints":{"allow":["GET"]}}],"collection":[{"href":"http:\/\/mg-mecaloc.com\/index.php\/wp-json\/wp\/v2\/pages"}],"about":[{"href":"http:\/\/mg-mecaloc.com\/index.php\/wp-json\/wp\/v2\/types\/page"}],"author":[{"embeddable":true,"href":"http:\/\/mg-mecaloc.com\/index.php\/wp-json\/wp\/v2\/users\/1"}],"replies":[{"embeddable":true,"href":"http:\/\/mg-mecaloc.com\/index.php\/wp-json\/wp\/v2\/comments?post=56"}],"version-history":[{"count":2,"href":"http:\/\/mg-mecaloc.com\/index.php\/wp-json\/wp\/v2\/pages\/56\/revisions"}],"predecessor-version":[{"id":61,"href":"http:\/\/mg-mecaloc.com\/index.php\/wp-json\/wp\/v2\/pages\/56\/revisions\/61"}],"wp:attachment":[{"href":"http:\/\/mg-mecaloc.com\/index.php\/wp-json\/wp\/v2\/media?parent=56"}],"curies":[{"name":"wp","href":"https:\/\/api.w.org\/{rel}","templated":true}]}}