{"id":5,"date":"2016-02-16T10:49:56","date_gmt":"2016-02-16T09:49:56","guid":{"rendered":"http:\/\/mg-mecaloc.com\/?page_id=5"},"modified":"2016-06-14T09:50:24","modified_gmt":"2016-06-14T08:50:24","slug":"mecanique","status":"publish","type":"page","link":"http:\/\/mg-mecaloc.com\/index.php\/nos-prestations\/mecanique\/","title":{"rendered":"M\u00e9canique"},"content":{"rendered":"<h4 style=\"text-align: justify;\">Entretien et r\u00e9paration de vos v\u00e9hicules<\/h4>\n<p style=\"text-align: justify;\"><img data-recalc-dims=\"1\" loading=\"lazy\" decoding=\"async\" data-attachment-id=\"179\" data-permalink=\"http:\/\/mg-mecaloc.com\/index.php\/nos-prestations\/mecanique\/reparation-poids-lourds\/\" data-orig-file=\"https:\/\/i0.wp.com\/mg-mecaloc.com\/wp-content\/uploads\/2016\/02\/R%C3%A9paration-poids-lourds.jpg?fit=900%2C596\" data-orig-size=\"900,596\" data-comments-opened=\"1\" data-image-meta=\"{&quot;aperture&quot;:&quot;5&quot;,&quot;credit&quot;:&quot;&quot;,&quot;camera&quot;:&quot;NIKON D5100&quot;,&quot;caption&quot;:&quot;&quot;,&quot;created_timestamp&quot;:&quot;1464372227&quot;,&quot;copyright&quot;:&quot;&quot;,&quot;focal_length&quot;:&quot;18&quot;,&quot;iso&quot;:&quot;400&quot;,&quot;shutter_speed&quot;:&quot;0.02&quot;,&quot;title&quot;:&quot;&quot;,&quot;orientation&quot;:&quot;1&quot;}\" data-image-title=\"R\u00e9paration poids lourds\" data-image-description=\"\" data-image-caption=\"\" data-medium-file=\"https:\/\/i0.wp.com\/mg-mecaloc.com\/wp-content\/uploads\/2016\/02\/R%C3%A9paration-poids-lourds.jpg?fit=300%2C199\" data-large-file=\"https:\/\/i0.wp.com\/mg-mecaloc.com\/wp-content\/uploads\/2016\/02\/R%C3%A9paration-poids-lourds.jpg?fit=900%2C596\" class=\"size-medium wp-image-179 alignleft\" src=\"https:\/\/i0.wp.com\/mg-mecaloc.com\/wp-content\/uploads\/2016\/02\/R%C3%A9paration-poids-lourds.jpg?resize=300%2C199\" alt=\"R\u00e9paration poids lourds\" width=\"300\" height=\"199\" srcset=\"https:\/\/i0.wp.com\/mg-mecaloc.com\/wp-content\/uploads\/2016\/02\/R%C3%A9paration-poids-lourds.jpg?resize=300%2C199 300w, https:\/\/i0.wp.com\/mg-mecaloc.com\/wp-content\/uploads\/2016\/02\/R%C3%A9paration-poids-lourds.jpg?resize=768%2C509 768w, https:\/\/i0.wp.com\/mg-mecaloc.com\/wp-content\/uploads\/2016\/02\/R%C3%A9paration-poids-lourds.jpg?w=900 900w\" sizes=\"auto, (max-width: 300px) 100vw, 300px\" \/>Sp\u00e9cialis\u00e9s dans la <strong>maintenance des mat\u00e9riels de travaux publics et agricoles<\/strong> les plus vari\u00e9s, nous intervenons sur vos mat\u00e9riels pour tous types de demandes.<\/p>\n<p style=\"text-align: justify;\">Nous proc\u00e9dons \u00e0 l&rsquo;<strong>inspection<\/strong>, au <strong>diagnostic<\/strong>, et au <strong>remplacement<\/strong> ou <strong>remise en \u00e9tat des \u00e9l\u00e9ments d\u00e9fectueux<\/strong>.<\/p>\n<p style=\"text-align: justify;\">Nos deux <strong>v\u00e9hicules ateliers<\/strong> nous permettent d&rsquo;intervenir sur site pour la maintenance et le d\u00e9pannage de vos v\u00e9hicules.<\/p>\n<p style=\"text-align: justify;\">Nous poss\u00e9dons \u00e9galement un <strong>atelier de soudure et chaudronnerie<\/strong> afin d&rsquo;assurer la remise en \u00e9tat des \u00e9quipements et mat\u00e9riels ainsi que l&rsquo;\u00e9tude et r\u00e9alisation de tous vos <strong>projets de m\u00e9tallerie<\/strong> et conception diverses.<\/p>\n<p style=\"text-align: justify;\">Faites confiance \u00e0 l&rsquo;\u00e9quipe de MG Mecaloc pour un travail soign\u00e9 et de qualit\u00e9 !<\/p>\n<hr\/>\n<h2 class=\"test-entete\" style=\"text-align: center;\">Champs d&rsquo;intervention<\/h2>\n<hr\/>\n<div class=\"row\"> <div class=\"col-md-4\">\n<ul>\n<li>Maintenance<\/li>\n<li>Entretien<\/li>\n<li>Remplacement des organes<\/li>\n<\/ul>\n<\/div><div class=\"col-md-4\">\n<ul>\n<li>Remplacement des pneumatiques<\/li>\n<li>Diagnostique<\/li>\n<\/ul>\n<\/div><div class=\"col-md-4\">\n<ul>\n<li>Recherche de panne hydraulique<\/li>\n<li>Recherche de panne \u00e9lectrique<\/li>\n<\/ul>\n<\/div><\/div>\n<hr \/>\n<h2 class=\"test-entete\" style=\"text-align: center;\">V\u00e9hicules pris en charge<\/h2>\n<hr \/>\n<div class=\"row\"> <div class=\"col-md-4\"><img data-recalc-dims=\"1\" loading=\"lazy\" decoding=\"async\" data-attachment-id=\"154\" data-permalink=\"http:\/\/mg-mecaloc.com\/index.php\/nos-prestations\/mecanique\/mecanique-engin-tp\/\" data-orig-file=\"https:\/\/i0.wp.com\/mg-mecaloc.com\/wp-content\/uploads\/2016\/02\/M%C3%A9canique-engin-TP.jpg?fit=900%2C596\" data-orig-size=\"900,596\" data-comments-opened=\"1\" data-image-meta=\"{&quot;aperture&quot;:&quot;1.8&quot;,&quot;credit&quot;:&quot;&quot;,&quot;camera&quot;:&quot;NIKON D5100&quot;,&quot;caption&quot;:&quot;&quot;,&quot;created_timestamp&quot;:&quot;1457704789&quot;,&quot;copyright&quot;:&quot;&quot;,&quot;focal_length&quot;:&quot;50&quot;,&quot;iso&quot;:&quot;100&quot;,&quot;shutter_speed&quot;:&quot;0.0005&quot;,&quot;title&quot;:&quot;&quot;,&quot;orientation&quot;:&quot;1&quot;}\" data-image-title=\"M\u00e9canique engin TP\" data-image-description=\"\" data-image-caption=\"\" data-medium-file=\"https:\/\/i0.wp.com\/mg-mecaloc.com\/wp-content\/uploads\/2016\/02\/M%C3%A9canique-engin-TP.jpg?fit=300%2C199\" data-large-file=\"https:\/\/i0.wp.com\/mg-mecaloc.com\/wp-content\/uploads\/2016\/02\/M%C3%A9canique-engin-TP.jpg?fit=900%2C596\" class=\"alignnone size-medium wp-image-154\" src=\"https:\/\/i0.wp.com\/mg-mecaloc.com\/wp-content\/uploads\/2016\/02\/M%C3%A9canique-engin-TP.jpg?resize=300%2C199\" alt=\"M\u00e9canique engin TP\" width=\"300\" height=\"199\" srcset=\"https:\/\/i0.wp.com\/mg-mecaloc.com\/wp-content\/uploads\/2016\/02\/M%C3%A9canique-engin-TP.jpg?resize=300%2C199 300w, https:\/\/i0.wp.com\/mg-mecaloc.com\/wp-content\/uploads\/2016\/02\/M%C3%A9canique-engin-TP.jpg?resize=768%2C509 768w, https:\/\/i0.wp.com\/mg-mecaloc.com\/wp-content\/uploads\/2016\/02\/M%C3%A9canique-engin-TP.jpg?w=900 900w\" sizes=\"auto, (max-width: 300px) 100vw, 300px\" \/><\/p>\n<hr \/>\n<h4 class=\"test-entete\" style=\"text-align: center;\">Travaux publics<\/h4>\n<hr \/>\n<ul>\n<li>Pelle \u00e0 chenille<\/li>\n<li>Mini-pelle<\/li>\n<li>Midi-pelle<\/li>\n<li>Compacteur<\/li>\n<li>Bulldozer<\/li>\n<li>Niveleuse<\/li>\n<li>Tombereau<\/li>\n<li>Dumper<\/li>\n<li>El\u00e8vateur<\/li>\n<li>Chargeur<\/li>\n<li>Tracto-pelle<\/li>\n<\/ul>\n<\/div><div class=\"col-md-4\"><img data-recalc-dims=\"1\" loading=\"lazy\" decoding=\"async\" data-attachment-id=\"155\" data-permalink=\"http:\/\/mg-mecaloc.com\/index.php\/nos-prestations\/mecanique\/benne-agricole\/\" data-orig-file=\"https:\/\/i0.wp.com\/mg-mecaloc.com\/wp-content\/uploads\/2016\/02\/Benne-agricole.jpg?fit=900%2C596\" data-orig-size=\"900,596\" data-comments-opened=\"1\" data-image-meta=\"{&quot;aperture&quot;:&quot;4.2&quot;,&quot;credit&quot;:&quot;&quot;,&quot;camera&quot;:&quot;NIKON D5100&quot;,&quot;caption&quot;:&quot;&quot;,&quot;created_timestamp&quot;:&quot;1458834693&quot;,&quot;copyright&quot;:&quot;&quot;,&quot;focal_length&quot;:&quot;32&quot;,&quot;iso&quot;:&quot;800&quot;,&quot;shutter_speed&quot;:&quot;0.0005&quot;,&quot;title&quot;:&quot;&quot;,&quot;orientation&quot;:&quot;1&quot;}\" data-image-title=\"Benne agricole\" data-image-description=\"\" data-image-caption=\"\" data-medium-file=\"https:\/\/i0.wp.com\/mg-mecaloc.com\/wp-content\/uploads\/2016\/02\/Benne-agricole.jpg?fit=300%2C199\" data-large-file=\"https:\/\/i0.wp.com\/mg-mecaloc.com\/wp-content\/uploads\/2016\/02\/Benne-agricole.jpg?fit=900%2C596\" class=\"alignnone size-medium wp-image-155\" src=\"https:\/\/i0.wp.com\/mg-mecaloc.com\/wp-content\/uploads\/2016\/02\/Benne-agricole.jpg?resize=300%2C199\" alt=\"Benne agricole\" width=\"300\" height=\"199\" srcset=\"https:\/\/i0.wp.com\/mg-mecaloc.com\/wp-content\/uploads\/2016\/02\/Benne-agricole.jpg?resize=300%2C199 300w, https:\/\/i0.wp.com\/mg-mecaloc.com\/wp-content\/uploads\/2016\/02\/Benne-agricole.jpg?resize=768%2C509 768w, https:\/\/i0.wp.com\/mg-mecaloc.com\/wp-content\/uploads\/2016\/02\/Benne-agricole.jpg?w=900 900w\" sizes=\"auto, (max-width: 300px) 100vw, 300px\" \/><\/p>\n<hr \/>\n<h4 class=\"test-entete\" style=\"text-align: center;\">Mat\u00e9riels agricoles<\/h4>\n<hr \/>\n<ul>\n<li>Tracteur<\/li>\n<li>Benne<\/li>\n<li>Pulv\u00e9risateur<\/li>\n<\/ul>\n<\/div><div class=\"col-md-4\"><img data-recalc-dims=\"1\" loading=\"lazy\" decoding=\"async\" data-attachment-id=\"153\" data-permalink=\"http:\/\/mg-mecaloc.com\/index.php\/nos-prestations\/mecanique\/meccanique-poids-lourds\/\" data-orig-file=\"https:\/\/i0.wp.com\/mg-mecaloc.com\/wp-content\/uploads\/2016\/02\/m%C3%A9ccanique-poids-lourds.jpg?fit=900%2C596\" data-orig-size=\"900,596\" data-comments-opened=\"1\" data-image-meta=\"{&quot;aperture&quot;:&quot;4&quot;,&quot;credit&quot;:&quot;&quot;,&quot;camera&quot;:&quot;NIKON D5100&quot;,&quot;caption&quot;:&quot;&quot;,&quot;created_timestamp&quot;:&quot;1458834716&quot;,&quot;copyright&quot;:&quot;&quot;,&quot;focal_length&quot;:&quot;28&quot;,&quot;iso&quot;:&quot;800&quot;,&quot;shutter_speed&quot;:&quot;0.0005&quot;,&quot;title&quot;:&quot;&quot;,&quot;orientation&quot;:&quot;1&quot;}\" data-image-title=\"m\u00e9ccanique poids lourds\" data-image-description=\"\" data-image-caption=\"\" data-medium-file=\"https:\/\/i0.wp.com\/mg-mecaloc.com\/wp-content\/uploads\/2016\/02\/m%C3%A9ccanique-poids-lourds.jpg?fit=300%2C199\" data-large-file=\"https:\/\/i0.wp.com\/mg-mecaloc.com\/wp-content\/uploads\/2016\/02\/m%C3%A9ccanique-poids-lourds.jpg?fit=900%2C596\" class=\"alignnone size-medium wp-image-153\" src=\"https:\/\/i0.wp.com\/mg-mecaloc.com\/wp-content\/uploads\/2016\/02\/m%C3%A9ccanique-poids-lourds.jpg?resize=300%2C199\" alt=\"m\u00e9ccanique poids lourds\" width=\"300\" height=\"199\" srcset=\"https:\/\/i0.wp.com\/mg-mecaloc.com\/wp-content\/uploads\/2016\/02\/m%C3%A9ccanique-poids-lourds.jpg?resize=300%2C199 300w, https:\/\/i0.wp.com\/mg-mecaloc.com\/wp-content\/uploads\/2016\/02\/m%C3%A9ccanique-poids-lourds.jpg?resize=768%2C509 768w, https:\/\/i0.wp.com\/mg-mecaloc.com\/wp-content\/uploads\/2016\/02\/m%C3%A9ccanique-poids-lourds.jpg?w=900 900w\" sizes=\"auto, (max-width: 300px) 100vw, 300px\" \/><\/p>\n<hr \/>\n<h4 class=\"test-entete\" style=\"text-align: center;\">Poids lourds<\/h4>\n<hr \/>\n<ul>\n<li>Semi-remorque<\/li>\n<li>Porteur<\/li>\n<li>Poly-benne<\/li>\n<li>Citerne<\/li>\n<li>Porte-char<\/li>\n<li>Porte-engin<\/li>\n<li>malaxeur<\/li>\n<\/ul>\n<\/div><\/div>\n<hr \/>\n<h4 class=\"test-entete\" style=\"text-align: center;\">V\u00e9hicules l\u00e9gers<\/h4>\n<hr \/>\n<div class=\"row\"> <div class=\"col-md-4\">\n<ul>\n<li>Automobile<\/li>\n<li>V\u00e9hicule utilitaire<\/li>\n<\/ul>\n<\/div><div class=\"col-md-4\">\n<ul>\n<li>Quad<\/li>\n<li>Moto<\/li>\n<\/ul>\n<\/div><div class=\"col-md-4\">\n<ul>\n<li>V\u00e9hicules ancien<\/li>\n<li>Voiture de sport et rallye<\/li>\n<\/ul>\n<\/div><\/div>\n","protected":false},"excerpt":{"rendered":"<p>Entretien et r\u00e9paration de vos v\u00e9hicules Sp\u00e9cialis\u00e9s dans la maintenance des mat\u00e9riels de travaux publics et agricoles les plus vari\u00e9s, nous intervenons sur vos mat\u00e9riels pour tous types de demandes. Nous proc\u00e9dons \u00e0 l&rsquo;inspection, au diagnostic, et au remplacement ou &hellip; <a href=\"http:\/\/mg-mecaloc.com\/index.php\/nos-prestations\/mecanique\/\">Lire la suite\u00ad\u00ad<\/a><\/p>\n","protected":false},"author":1,"featured_media":0,"parent":13,"menu_order":0,"comment_status":"closed","ping_status":"closed","template":"","meta":{"jetpack_post_was_ever_published":false,"footnotes":""},"class_list":["post-5","page","type-page","status-publish","hentry"],"yoast_head":"<!-- This site is optimized with the Yoast SEO plugin v23.9 - https:\/\/yoast.com\/wordpress\/plugins\/seo\/ -->\n<title>M\u00e9canique - MG Mecaloc - M\u00e9canique et Location<\/title>\n<meta name=\"robots\" content=\"index, follow, max-snippet:-1, max-image-preview:large, max-video-preview:-1\" \/>\n<link rel=\"canonical\" href=\"http:\/\/mg-mecaloc.com\/index.php\/nos-prestations\/mecanique\/\" \/>\n<meta property=\"og:locale\" content=\"fr_FR\" \/>\n<meta property=\"og:type\" content=\"article\" \/>\n<meta property=\"og:title\" content=\"M\u00e9canique - MG Mecaloc - M\u00e9canique et Location\" \/>\n<meta property=\"og:description\" content=\"Entretien et r\u00e9paration de vos v\u00e9hicules Sp\u00e9cialis\u00e9s dans la maintenance des mat\u00e9riels de travaux publics et agricoles les plus vari\u00e9s, nous intervenons sur vos mat\u00e9riels pour tous types de demandes. Nous proc\u00e9dons \u00e0 l&rsquo;inspection, au diagnostic, et au remplacement ou &hellip; Lire la suite\u00ad\u00ad\" \/>\n<meta property=\"og:url\" content=\"http:\/\/mg-mecaloc.com\/index.php\/nos-prestations\/mecanique\/\" \/>\n<meta property=\"og:site_name\" content=\"MG Mecaloc - M\u00e9canique et Location\" \/>\n<meta property=\"article:modified_time\" content=\"2016-06-14T08:50:24+00:00\" \/>\n<meta property=\"og:image\" content=\"http:\/\/mg-mecaloc.com\/wp-content\/uploads\/2016\/02\/Benne-agricole-300x199.jpg\" \/>\n<meta name=\"twitter:card\" content=\"summary_large_image\" \/>\n<meta name=\"twitter:label1\" content=\"Dur\u00e9e de lecture estim\u00e9e\" \/>\n\t<meta name=\"twitter:data1\" content=\"1 minute\" \/>\n<script type=\"application\/ld+json\" class=\"yoast-schema-graph\">{\"@context\":\"https:\/\/schema.org\",\"@graph\":[{\"@type\":\"WebPage\",\"@id\":\"http:\/\/mg-mecaloc.com\/index.php\/nos-prestations\/mecanique\/\",\"url\":\"http:\/\/mg-mecaloc.com\/index.php\/nos-prestations\/mecanique\/\",\"name\":\"M\u00e9canique - MG Mecaloc - M\u00e9canique et Location\",\"isPartOf\":{\"@id\":\"http:\/\/mg-mecaloc.com\/#website\"},\"primaryImageOfPage\":{\"@id\":\"http:\/\/mg-mecaloc.com\/index.php\/nos-prestations\/mecanique\/#primaryimage\"},\"image\":{\"@id\":\"http:\/\/mg-mecaloc.com\/index.php\/nos-prestations\/mecanique\/#primaryimage\"},\"thumbnailUrl\":\"http:\/\/mg-mecaloc.com\/wp-content\/uploads\/2016\/02\/Benne-agricole-300x199.jpg\",\"datePublished\":\"2016-02-16T09:49:56+00:00\",\"dateModified\":\"2016-06-14T08:50:24+00:00\",\"breadcrumb\":{\"@id\":\"http:\/\/mg-mecaloc.com\/index.php\/nos-prestations\/mecanique\/#breadcrumb\"},\"inLanguage\":\"fr-FR\",\"potentialAction\":[{\"@type\":\"ReadAction\",\"target\":[\"http:\/\/mg-mecaloc.com\/index.php\/nos-prestations\/mecanique\/\"]}]},{\"@type\":\"ImageObject\",\"inLanguage\":\"fr-FR\",\"@id\":\"http:\/\/mg-mecaloc.com\/index.php\/nos-prestations\/mecanique\/#primaryimage\",\"url\":\"https:\/\/i0.wp.com\/mg-mecaloc.com\/wp-content\/uploads\/2016\/02\/Benne-agricole.jpg?fit=900%2C596\",\"contentUrl\":\"https:\/\/i0.wp.com\/mg-mecaloc.com\/wp-content\/uploads\/2016\/02\/Benne-agricole.jpg?fit=900%2C596\",\"width\":900,\"height\":596,\"caption\":\"Benne agricole\"},{\"@type\":\"BreadcrumbList\",\"@id\":\"http:\/\/mg-mecaloc.com\/index.php\/nos-prestations\/mecanique\/#breadcrumb\",\"itemListElement\":[{\"@type\":\"ListItem\",\"position\":1,\"name\":\"Accueil\",\"item\":\"http:\/\/mg-mecaloc.com\/\"},{\"@type\":\"ListItem\",\"position\":2,\"name\":\"Nos prestations\",\"item\":\"http:\/\/mg-mecaloc.com\/index.php\/nos-prestations\/\"},{\"@type\":\"ListItem\",\"position\":3,\"name\":\"M\u00e9canique\"}]},{\"@type\":\"WebSite\",\"@id\":\"http:\/\/mg-mecaloc.com\/#website\",\"url\":\"http:\/\/mg-mecaloc.com\/\",\"name\":\"MG Mecaloc - M\u00e9canique et Location\",\"description\":\"M\u00e9canique lourde et location \u00e0 Aurel (Dr\u00f4me)\",\"potentialAction\":[{\"@type\":\"SearchAction\",\"target\":{\"@type\":\"EntryPoint\",\"urlTemplate\":\"http:\/\/mg-mecaloc.com\/?s={search_term_string}\"},\"query-input\":{\"@type\":\"PropertyValueSpecification\",\"valueRequired\":true,\"valueName\":\"search_term_string\"}}],\"inLanguage\":\"fr-FR\"}]}<\/script>\n<!-- \/ Yoast SEO plugin. -->","yoast_head_json":{"title":"M\u00e9canique - MG Mecaloc - M\u00e9canique et Location","robots":{"index":"index","follow":"follow","max-snippet":"max-snippet:-1","max-image-preview":"max-image-preview:large","max-video-preview":"max-video-preview:-1"},"canonical":"http:\/\/mg-mecaloc.com\/index.php\/nos-prestations\/mecanique\/","og_locale":"fr_FR","og_type":"article","og_title":"M\u00e9canique - MG Mecaloc - M\u00e9canique et Location","og_description":"Entretien et r\u00e9paration de vos v\u00e9hicules Sp\u00e9cialis\u00e9s dans la maintenance des mat\u00e9riels de travaux publics et agricoles les plus vari\u00e9s, nous intervenons sur vos mat\u00e9riels pour tous types de demandes. Nous proc\u00e9dons \u00e0 l&rsquo;inspection, au diagnostic, et au remplacement ou &hellip; Lire la suite\u00ad\u00ad","og_url":"http:\/\/mg-mecaloc.com\/index.php\/nos-prestations\/mecanique\/","og_site_name":"MG Mecaloc - M\u00e9canique et Location","article_modified_time":"2016-06-14T08:50:24+00:00","og_image":[{"url":"http:\/\/mg-mecaloc.com\/wp-content\/uploads\/2016\/02\/Benne-agricole-300x199.jpg"}],"twitter_card":"summary_large_image","twitter_misc":{"Dur\u00e9e de lecture estim\u00e9e":"1 minute"},"schema":{"@context":"https:\/\/schema.org","@graph":[{"@type":"WebPage","@id":"http:\/\/mg-mecaloc.com\/index.php\/nos-prestations\/mecanique\/","url":"http:\/\/mg-mecaloc.com\/index.php\/nos-prestations\/mecanique\/","name":"M\u00e9canique - MG Mecaloc - M\u00e9canique et Location","isPartOf":{"@id":"http:\/\/mg-mecaloc.com\/#website"},"primaryImageOfPage":{"@id":"http:\/\/mg-mecaloc.com\/index.php\/nos-prestations\/mecanique\/#primaryimage"},"image":{"@id":"http:\/\/mg-mecaloc.com\/index.php\/nos-prestations\/mecanique\/#primaryimage"},"thumbnailUrl":"http:\/\/mg-mecaloc.com\/wp-content\/uploads\/2016\/02\/Benne-agricole-300x199.jpg","datePublished":"2016-02-16T09:49:56+00:00","dateModified":"2016-06-14T08:50:24+00:00","breadcrumb":{"@id":"http:\/\/mg-mecaloc.com\/index.php\/nos-prestations\/mecanique\/#breadcrumb"},"inLanguage":"fr-FR","potentialAction":[{"@type":"ReadAction","target":["http:\/\/mg-mecaloc.com\/index.php\/nos-prestations\/mecanique\/"]}]},{"@type":"ImageObject","inLanguage":"fr-FR","@id":"http:\/\/mg-mecaloc.com\/index.php\/nos-prestations\/mecanique\/#primaryimage","url":"https:\/\/i0.wp.com\/mg-mecaloc.com\/wp-content\/uploads\/2016\/02\/Benne-agricole.jpg?fit=900%2C596","contentUrl":"https:\/\/i0.wp.com\/mg-mecaloc.com\/wp-content\/uploads\/2016\/02\/Benne-agricole.jpg?fit=900%2C596","width":900,"height":596,"caption":"Benne agricole"},{"@type":"BreadcrumbList","@id":"http:\/\/mg-mecaloc.com\/index.php\/nos-prestations\/mecanique\/#breadcrumb","itemListElement":[{"@type":"ListItem","position":1,"name":"Accueil","item":"http:\/\/mg-mecaloc.com\/"},{"@type":"ListItem","position":2,"name":"Nos prestations","item":"http:\/\/mg-mecaloc.com\/index.php\/nos-prestations\/"},{"@type":"ListItem","position":3,"name":"M\u00e9canique"}]},{"@type":"WebSite","@id":"http:\/\/mg-mecaloc.com\/#website","url":"http:\/\/mg-mecaloc.com\/","name":"MG Mecaloc - M\u00e9canique et Location","description":"M\u00e9canique lourde et location \u00e0 Aurel (Dr\u00f4me)","potentialAction":[{"@type":"SearchAction","target":{"@type":"EntryPoint","urlTemplate":"http:\/\/mg-mecaloc.com\/?s={search_term_string}"},"query-input":{"@type":"PropertyValueSpecification","valueRequired":true,"valueName":"search_term_string"}}],"inLanguage":"fr-FR"}]}},"jetpack_sharing_enabled":true,"jetpack_shortlink":"https:\/\/wp.me\/P7iO5F-5","jetpack-related-posts":[],"_links":{"self":[{"href":"http:\/\/mg-mecaloc.com\/index.php\/wp-json\/wp\/v2\/pages\/5","targetHints":{"allow":["GET"]}}],"collection":[{"href":"http:\/\/mg-mecaloc.com\/index.php\/wp-json\/wp\/v2\/pages"}],"about":[{"href":"http:\/\/mg-mecaloc.com\/index.php\/wp-json\/wp\/v2\/types\/page"}],"author":[{"embeddable":true,"href":"http:\/\/mg-mecaloc.com\/index.php\/wp-json\/wp\/v2\/users\/1"}],"replies":[{"embeddable":true,"href":"http:\/\/mg-mecaloc.com\/index.php\/wp-json\/wp\/v2\/comments?post=5"}],"version-history":[{"count":27,"href":"http:\/\/mg-mecaloc.com\/index.php\/wp-json\/wp\/v2\/pages\/5\/revisions"}],"predecessor-version":[{"id":211,"href":"http:\/\/mg-mecaloc.com\/index.php\/wp-json\/wp\/v2\/pages\/5\/revisions\/211"}],"up":[{"embeddable":true,"href":"http:\/\/mg-mecaloc.com\/index.php\/wp-json\/wp\/v2\/pages\/13"}],"wp:attachment":[{"href":"http:\/\/mg-mecaloc.com\/index.php\/wp-json\/wp\/v2\/media?parent=5"}],"curies":[{"name":"wp","href":"https:\/\/api.w.org\/{rel}","templated":true}]}}