{"id":2,"date":"2016-02-16T10:41:01","date_gmt":"2016-02-16T09:41:01","guid":{"rendered":"http:\/\/mg-mecaloc.com\/?page_id=2"},"modified":"2016-06-03T10:26:42","modified_gmt":"2016-06-03T09:26:42","slug":"page-d-exemple","status":"publish","type":"page","link":"http:\/\/mg-mecaloc.com\/","title":{"rendered":"MG Mecaloc &#8211; M\u00e9canique et Locations"},"content":{"rendered":"<p style=\"text-align: justify;\">Situ\u00e9e \u00e0 <strong>Aurel<\/strong> dans la <strong>Dr\u00f4me<\/strong>, entre Die et Crest, la soci\u00e9t\u00e9 <strong>MG Mecalo<\/strong>c est sp\u00e9cialis\u00e9e dans tout type de r\u00e9paration et d&rsquo;entretien de vos mat\u00e9riels ainsi que la location de mat\u00e9riel de BTP.<\/p>\n<p style=\"text-align: justify;\">Notre \u00e9quipe se tient \u00e0 votre disposition\u00a0du lundi au vendredi de 07:30 \u00e0 18:30.<\/p>\n<p style=\"text-align: justify;\">N&rsquo;h\u00e9sitez pas \u00e0 <a href=\"http:\/\/mg-mecaloc.com\/index.php\/contact\/\">nous contacter<\/a> pour toutes demandes de prise en charge de vos v\u00e9hicules : <strong>Poids lourds, v\u00e9hicules de travaux publics, agricole et utilitaires<\/strong>.<\/p>\n<p style=\"text-align: justify;\">\n","protected":false},"excerpt":{"rendered":"<p>Situ\u00e9e \u00e0 Aurel dans la Dr\u00f4me, entre Die et Crest, la soci\u00e9t\u00e9 MG Mecaloc est sp\u00e9cialis\u00e9e dans tout type de r\u00e9paration et d&rsquo;entretien de vos mat\u00e9riels ainsi que la location de mat\u00e9riel de BTP. Notre \u00e9quipe se tient \u00e0 votre &hellip; <a href=\"http:\/\/mg-mecaloc.com\/\">Lire la suite\u00ad\u00ad<\/a><\/p>\n","protected":false},"author":1,"featured_media":0,"parent":0,"menu_order":0,"comment_status":"closed","ping_status":"open","template":"","meta":{"jetpack_post_was_ever_published":false,"footnotes":""},"class_list":["post-2","page","type-page","status-publish","hentry"],"yoast_head":"<!-- This site is optimized with the Yoast SEO plugin v23.9 - https:\/\/yoast.com\/wordpress\/plugins\/seo\/ -->\n<title>MG Mecaloc - M\u00e9canique et Locations - MG Mecaloc - M\u00e9canique et Location<\/title>\n<meta name=\"robots\" content=\"index, follow, max-snippet:-1, max-image-preview:large, max-video-preview:-1\" \/>\n<link rel=\"canonical\" href=\"http:\/\/mg-mecaloc.com\/\" \/>\n<meta property=\"og:locale\" content=\"fr_FR\" \/>\n<meta property=\"og:type\" content=\"article\" \/>\n<meta property=\"og:title\" content=\"MG Mecaloc - M\u00e9canique et Locations - MG Mecaloc - M\u00e9canique et Location\" \/>\n<meta property=\"og:description\" content=\"Situ\u00e9e \u00e0 Aurel dans la Dr\u00f4me, entre Die et Crest, la soci\u00e9t\u00e9 MG Mecaloc est sp\u00e9cialis\u00e9e dans tout type de r\u00e9paration et d&rsquo;entretien de vos mat\u00e9riels ainsi que la location de mat\u00e9riel de BTP. Notre \u00e9quipe se tient \u00e0 votre &hellip; Lire la suite\u00ad\u00ad\" \/>\n<meta property=\"og:url\" content=\"http:\/\/mg-mecaloc.com\/\" \/>\n<meta property=\"og:site_name\" content=\"MG Mecaloc - M\u00e9canique et Location\" \/>\n<meta property=\"article:modified_time\" content=\"2016-06-03T09:26:42+00:00\" \/>\n<meta name=\"twitter:card\" content=\"summary_large_image\" \/>\n<script type=\"application\/ld+json\" class=\"yoast-schema-graph\">{\"@context\":\"https:\/\/schema.org\",\"@graph\":[{\"@type\":\"WebPage\",\"@id\":\"http:\/\/mg-mecaloc.com\/\",\"url\":\"http:\/\/mg-mecaloc.com\/\",\"name\":\"MG Mecaloc - M\u00e9canique et Locations - MG Mecaloc - M\u00e9canique et Location\",\"isPartOf\":{\"@id\":\"http:\/\/mg-mecaloc.com\/#website\"},\"datePublished\":\"2016-02-16T09:41:01+00:00\",\"dateModified\":\"2016-06-03T09:26:42+00:00\",\"breadcrumb\":{\"@id\":\"http:\/\/mg-mecaloc.com\/#breadcrumb\"},\"inLanguage\":\"fr-FR\",\"potentialAction\":[{\"@type\":\"ReadAction\",\"target\":[\"http:\/\/mg-mecaloc.com\/\"]}]},{\"@type\":\"BreadcrumbList\",\"@id\":\"http:\/\/mg-mecaloc.com\/#breadcrumb\",\"itemListElement\":[{\"@type\":\"ListItem\",\"position\":1,\"name\":\"Accueil\",\"item\":\"http:\/\/mg-mecaloc.com\/\"},{\"@type\":\"ListItem\",\"position\":2,\"name\":\"MG Mecaloc &#8211; M\u00e9canique et Locations\"}]},{\"@type\":\"WebSite\",\"@id\":\"http:\/\/mg-mecaloc.com\/#website\",\"url\":\"http:\/\/mg-mecaloc.com\/\",\"name\":\"MG Mecaloc - M\u00e9canique et Location\",\"description\":\"M\u00e9canique lourde et location \u00e0 Aurel (Dr\u00f4me)\",\"potentialAction\":[{\"@type\":\"SearchAction\",\"target\":{\"@type\":\"EntryPoint\",\"urlTemplate\":\"http:\/\/mg-mecaloc.com\/?s={search_term_string}\"},\"query-input\":{\"@type\":\"PropertyValueSpecification\",\"valueRequired\":true,\"valueName\":\"search_term_string\"}}],\"inLanguage\":\"fr-FR\"}]}<\/script>\n<!-- \/ Yoast SEO plugin. -->","yoast_head_json":{"title":"MG Mecaloc - M\u00e9canique et Locations - MG Mecaloc - M\u00e9canique et Location","robots":{"index":"index","follow":"follow","max-snippet":"max-snippet:-1","max-image-preview":"max-image-preview:large","max-video-preview":"max-video-preview:-1"},"canonical":"http:\/\/mg-mecaloc.com\/","og_locale":"fr_FR","og_type":"article","og_title":"MG Mecaloc - M\u00e9canique et Locations - MG Mecaloc - M\u00e9canique et Location","og_description":"Situ\u00e9e \u00e0 Aurel dans la Dr\u00f4me, entre Die et Crest, la soci\u00e9t\u00e9 MG Mecaloc est sp\u00e9cialis\u00e9e dans tout type de r\u00e9paration et d&rsquo;entretien de vos mat\u00e9riels ainsi que la location de mat\u00e9riel de BTP. Notre \u00e9quipe se tient \u00e0 votre &hellip; Lire la suite\u00ad\u00ad","og_url":"http:\/\/mg-mecaloc.com\/","og_site_name":"MG Mecaloc - M\u00e9canique et Location","article_modified_time":"2016-06-03T09:26:42+00:00","twitter_card":"summary_large_image","schema":{"@context":"https:\/\/schema.org","@graph":[{"@type":"WebPage","@id":"http:\/\/mg-mecaloc.com\/","url":"http:\/\/mg-mecaloc.com\/","name":"MG Mecaloc - M\u00e9canique et Locations - MG Mecaloc - M\u00e9canique et Location","isPartOf":{"@id":"http:\/\/mg-mecaloc.com\/#website"},"datePublished":"2016-02-16T09:41:01+00:00","dateModified":"2016-06-03T09:26:42+00:00","breadcrumb":{"@id":"http:\/\/mg-mecaloc.com\/#breadcrumb"},"inLanguage":"fr-FR","potentialAction":[{"@type":"ReadAction","target":["http:\/\/mg-mecaloc.com\/"]}]},{"@type":"BreadcrumbList","@id":"http:\/\/mg-mecaloc.com\/#breadcrumb","itemListElement":[{"@type":"ListItem","position":1,"name":"Accueil","item":"http:\/\/mg-mecaloc.com\/"},{"@type":"ListItem","position":2,"name":"MG Mecaloc &#8211; M\u00e9canique et Locations"}]},{"@type":"WebSite","@id":"http:\/\/mg-mecaloc.com\/#website","url":"http:\/\/mg-mecaloc.com\/","name":"MG Mecaloc - M\u00e9canique et Location","description":"M\u00e9canique lourde et location \u00e0 Aurel (Dr\u00f4me)","potentialAction":[{"@type":"SearchAction","target":{"@type":"EntryPoint","urlTemplate":"http:\/\/mg-mecaloc.com\/?s={search_term_string}"},"query-input":{"@type":"PropertyValueSpecification","valueRequired":true,"valueName":"search_term_string"}}],"inLanguage":"fr-FR"}]}},"jetpack_sharing_enabled":true,"jetpack_shortlink":"https:\/\/wp.me\/P7iO5F-2","jetpack-related-posts":[],"_links":{"self":[{"href":"http:\/\/mg-mecaloc.com\/index.php\/wp-json\/wp\/v2\/pages\/2","targetHints":{"allow":["GET"]}}],"collection":[{"href":"http:\/\/mg-mecaloc.com\/index.php\/wp-json\/wp\/v2\/pages"}],"about":[{"href":"http:\/\/mg-mecaloc.com\/index.php\/wp-json\/wp\/v2\/types\/page"}],"author":[{"embeddable":true,"href":"http:\/\/mg-mecaloc.com\/index.php\/wp-json\/wp\/v2\/users\/1"}],"replies":[{"embeddable":true,"href":"http:\/\/mg-mecaloc.com\/index.php\/wp-json\/wp\/v2\/comments?post=2"}],"version-history":[{"count":3,"href":"http:\/\/mg-mecaloc.com\/index.php\/wp-json\/wp\/v2\/pages\/2\/revisions"}],"predecessor-version":[{"id":176,"href":"http:\/\/mg-mecaloc.com\/index.php\/wp-json\/wp\/v2\/pages\/2\/revisions\/176"}],"wp:attachment":[{"href":"http:\/\/mg-mecaloc.com\/index.php\/wp-json\/wp\/v2\/media?parent=2"}],"curies":[{"name":"wp","href":"https:\/\/api.w.org\/{rel}","templated":true}]}}