{"id":11,"date":"2016-02-16T10:50:41","date_gmt":"2016-02-16T09:50:41","guid":{"rendered":"http:\/\/mg-mecaloc.com\/?page_id=11"},"modified":"2024-11-29T11:09:01","modified_gmt":"2024-11-29T10:09:01","slug":"contact","status":"publish","type":"page","link":"http:\/\/mg-mecaloc.com\/index.php\/contact\/","title":{"rendered":"Contact"},"content":{"rendered":"<p style=\"text-align: center;\">Pour toute demande de renseignements, n&rsquo;h\u00e9sitez pas \u00e0 nous contacter, nous vous r\u00e9pondrons dans les plus brefs d\u00e9lais.<\/p>\n<p style=\"text-align: center;\"><strong>MG Mecaloc &#8211; M\u00e9canique et Location<br \/>\n<\/strong><\/p>\n<p style=\"text-align: center;\"><span style=\"color: initial;\">142 Impasse des Marnes Bleues<\/span><\/p>\n<p style=\"text-align: center;\"><span style=\"color: initial;\">26340 Aurel<\/span><\/p>\n<p style=\"text-align: center;\">***<\/p>\n<p style=\"text-align: center;\"><span class=\"_Xbe kno-fv\">04 75 21 80 30<\/span><\/p>\n<p style=\"text-align: center;\"><img data-recalc-dims=\"1\" loading=\"lazy\" decoding=\"async\" data-attachment-id=\"40\" data-permalink=\"http:\/\/mg-mecaloc.com\/mg-mecaloc-2\/\" data-orig-file=\"https:\/\/i0.wp.com\/mg-mecaloc.com\/wp-content\/uploads\/2016\/03\/MG-Mecaloc.jpg?fit=740%2C490\" data-orig-size=\"740,490\" data-comments-opened=\"1\" data-image-meta=\"{&quot;aperture&quot;:&quot;4&quot;,&quot;credit&quot;:&quot;&quot;,&quot;camera&quot;:&quot;NIKON D5100&quot;,&quot;caption&quot;:&quot;&quot;,&quot;created_timestamp&quot;:&quot;1429550117&quot;,&quot;copyright&quot;:&quot;&quot;,&quot;focal_length&quot;:&quot;25&quot;,&quot;iso&quot;:&quot;400&quot;,&quot;shutter_speed&quot;:&quot;0.00025&quot;,&quot;title&quot;:&quot;&quot;,&quot;orientation&quot;:&quot;1&quot;}\" data-image-title=\"MG-Mecaloc\" data-image-description=\"\" data-image-caption=\"\" data-medium-file=\"https:\/\/i0.wp.com\/mg-mecaloc.com\/wp-content\/uploads\/2016\/03\/MG-Mecaloc.jpg?fit=300%2C199\" data-large-file=\"https:\/\/i0.wp.com\/mg-mecaloc.com\/wp-content\/uploads\/2016\/03\/MG-Mecaloc.jpg?fit=740%2C490\" class=\"alignnone wp-image-40 size-full\" src=\"https:\/\/i0.wp.com\/mg-mecaloc.com\/wp-content\/uploads\/2016\/03\/MG-Mecaloc.jpg?resize=740%2C490\" alt=\"Locaux MG Mecaloc Aurel M\u00e9canique\" width=\"740\" height=\"490\" srcset=\"https:\/\/i0.wp.com\/mg-mecaloc.com\/wp-content\/uploads\/2016\/03\/MG-Mecaloc.jpg?w=740 740w, https:\/\/i0.wp.com\/mg-mecaloc.com\/wp-content\/uploads\/2016\/03\/MG-Mecaloc.jpg?resize=300%2C199 300w\" sizes=\"auto, (max-width: 740px) 100vw, 740px\" \/><\/p>\n","protected":false},"excerpt":{"rendered":"<p>Pour toute demande de renseignements, n&rsquo;h\u00e9sitez pas \u00e0 nous contacter, nous vous r\u00e9pondrons dans les plus brefs d\u00e9lais. MG Mecaloc &#8211; M\u00e9canique et Location 142 Impasse des Marnes Bleues 26340 Aurel *** 04 75 21 80 30<\/p>\n","protected":false},"author":1,"featured_media":0,"parent":0,"menu_order":0,"comment_status":"closed","ping_status":"closed","template":"page-contact.php","meta":{"jetpack_post_was_ever_published":false,"footnotes":""},"class_list":["post-11","page","type-page","status-publish","hentry"],"yoast_head":"<!-- This site is optimized with the Yoast SEO plugin v23.9 - https:\/\/yoast.com\/wordpress\/plugins\/seo\/ -->\n<title>Contact - MG Mecaloc - M\u00e9canique et Location<\/title>\n<meta name=\"robots\" content=\"index, follow, max-snippet:-1, max-image-preview:large, max-video-preview:-1\" \/>\n<link rel=\"canonical\" href=\"http:\/\/mg-mecaloc.com\/index.php\/contact\/\" \/>\n<meta property=\"og:locale\" content=\"fr_FR\" \/>\n<meta property=\"og:type\" content=\"article\" \/>\n<meta property=\"og:title\" content=\"Contact - MG Mecaloc - M\u00e9canique et Location\" \/>\n<meta property=\"og:description\" content=\"Pour toute demande de renseignements, n&rsquo;h\u00e9sitez pas \u00e0 nous contacter, nous vous r\u00e9pondrons dans les plus brefs d\u00e9lais. MG Mecaloc &#8211; M\u00e9canique et Location 142 Impasse des Marnes Bleues 26340 Aurel *** 04 75 21 80 30\" \/>\n<meta property=\"og:url\" content=\"http:\/\/mg-mecaloc.com\/index.php\/contact\/\" \/>\n<meta property=\"og:site_name\" content=\"MG Mecaloc - M\u00e9canique et Location\" \/>\n<meta property=\"article:modified_time\" content=\"2024-11-29T10:09:01+00:00\" \/>\n<meta property=\"og:image\" content=\"http:\/\/mg-mecaloc.com\/wp-content\/uploads\/2016\/03\/MG-Mecaloc.jpg\" \/>\n<meta name=\"twitter:card\" content=\"summary_large_image\" \/>\n<meta name=\"twitter:label1\" content=\"Dur\u00e9e de lecture estim\u00e9e\" \/>\n\t<meta name=\"twitter:data1\" content=\"1 minute\" \/>\n<script type=\"application\/ld+json\" class=\"yoast-schema-graph\">{\"@context\":\"https:\/\/schema.org\",\"@graph\":[{\"@type\":\"WebPage\",\"@id\":\"http:\/\/mg-mecaloc.com\/index.php\/contact\/\",\"url\":\"http:\/\/mg-mecaloc.com\/index.php\/contact\/\",\"name\":\"Contact - MG Mecaloc - M\u00e9canique et Location\",\"isPartOf\":{\"@id\":\"http:\/\/mg-mecaloc.com\/#website\"},\"primaryImageOfPage\":{\"@id\":\"http:\/\/mg-mecaloc.com\/index.php\/contact\/#primaryimage\"},\"image\":{\"@id\":\"http:\/\/mg-mecaloc.com\/index.php\/contact\/#primaryimage\"},\"thumbnailUrl\":\"http:\/\/mg-mecaloc.com\/wp-content\/uploads\/2016\/03\/MG-Mecaloc.jpg\",\"datePublished\":\"2016-02-16T09:50:41+00:00\",\"dateModified\":\"2024-11-29T10:09:01+00:00\",\"breadcrumb\":{\"@id\":\"http:\/\/mg-mecaloc.com\/index.php\/contact\/#breadcrumb\"},\"inLanguage\":\"fr-FR\",\"potentialAction\":[{\"@type\":\"ReadAction\",\"target\":[\"http:\/\/mg-mecaloc.com\/index.php\/contact\/\"]}]},{\"@type\":\"ImageObject\",\"inLanguage\":\"fr-FR\",\"@id\":\"http:\/\/mg-mecaloc.com\/index.php\/contact\/#primaryimage\",\"url\":\"https:\/\/i0.wp.com\/mg-mecaloc.com\/wp-content\/uploads\/2016\/03\/MG-Mecaloc.jpg?fit=740%2C490\",\"contentUrl\":\"https:\/\/i0.wp.com\/mg-mecaloc.com\/wp-content\/uploads\/2016\/03\/MG-Mecaloc.jpg?fit=740%2C490\",\"width\":740,\"height\":490,\"caption\":\"Locaux MG Mecaloc Aurel M\u00e9canique\"},{\"@type\":\"BreadcrumbList\",\"@id\":\"http:\/\/mg-mecaloc.com\/index.php\/contact\/#breadcrumb\",\"itemListElement\":[{\"@type\":\"ListItem\",\"position\":1,\"name\":\"Accueil\",\"item\":\"http:\/\/mg-mecaloc.com\/\"},{\"@type\":\"ListItem\",\"position\":2,\"name\":\"Contact\"}]},{\"@type\":\"WebSite\",\"@id\":\"http:\/\/mg-mecaloc.com\/#website\",\"url\":\"http:\/\/mg-mecaloc.com\/\",\"name\":\"MG Mecaloc - M\u00e9canique et Location\",\"description\":\"M\u00e9canique lourde et location \u00e0 Aurel (Dr\u00f4me)\",\"potentialAction\":[{\"@type\":\"SearchAction\",\"target\":{\"@type\":\"EntryPoint\",\"urlTemplate\":\"http:\/\/mg-mecaloc.com\/?s={search_term_string}\"},\"query-input\":{\"@type\":\"PropertyValueSpecification\",\"valueRequired\":true,\"valueName\":\"search_term_string\"}}],\"inLanguage\":\"fr-FR\"}]}<\/script>\n<!-- \/ Yoast SEO plugin. -->","yoast_head_json":{"title":"Contact - MG Mecaloc - M\u00e9canique et Location","robots":{"index":"index","follow":"follow","max-snippet":"max-snippet:-1","max-image-preview":"max-image-preview:large","max-video-preview":"max-video-preview:-1"},"canonical":"http:\/\/mg-mecaloc.com\/index.php\/contact\/","og_locale":"fr_FR","og_type":"article","og_title":"Contact - MG Mecaloc - M\u00e9canique et Location","og_description":"Pour toute demande de renseignements, n&rsquo;h\u00e9sitez pas \u00e0 nous contacter, nous vous r\u00e9pondrons dans les plus brefs d\u00e9lais. MG Mecaloc &#8211; M\u00e9canique et Location 142 Impasse des Marnes Bleues 26340 Aurel *** 04 75 21 80 30","og_url":"http:\/\/mg-mecaloc.com\/index.php\/contact\/","og_site_name":"MG Mecaloc - M\u00e9canique et Location","article_modified_time":"2024-11-29T10:09:01+00:00","og_image":[{"url":"http:\/\/mg-mecaloc.com\/wp-content\/uploads\/2016\/03\/MG-Mecaloc.jpg"}],"twitter_card":"summary_large_image","twitter_misc":{"Dur\u00e9e de lecture estim\u00e9e":"1 minute"},"schema":{"@context":"https:\/\/schema.org","@graph":[{"@type":"WebPage","@id":"http:\/\/mg-mecaloc.com\/index.php\/contact\/","url":"http:\/\/mg-mecaloc.com\/index.php\/contact\/","name":"Contact - MG Mecaloc - M\u00e9canique et Location","isPartOf":{"@id":"http:\/\/mg-mecaloc.com\/#website"},"primaryImageOfPage":{"@id":"http:\/\/mg-mecaloc.com\/index.php\/contact\/#primaryimage"},"image":{"@id":"http:\/\/mg-mecaloc.com\/index.php\/contact\/#primaryimage"},"thumbnailUrl":"http:\/\/mg-mecaloc.com\/wp-content\/uploads\/2016\/03\/MG-Mecaloc.jpg","datePublished":"2016-02-16T09:50:41+00:00","dateModified":"2024-11-29T10:09:01+00:00","breadcrumb":{"@id":"http:\/\/mg-mecaloc.com\/index.php\/contact\/#breadcrumb"},"inLanguage":"fr-FR","potentialAction":[{"@type":"ReadAction","target":["http:\/\/mg-mecaloc.com\/index.php\/contact\/"]}]},{"@type":"ImageObject","inLanguage":"fr-FR","@id":"http:\/\/mg-mecaloc.com\/index.php\/contact\/#primaryimage","url":"https:\/\/i0.wp.com\/mg-mecaloc.com\/wp-content\/uploads\/2016\/03\/MG-Mecaloc.jpg?fit=740%2C490","contentUrl":"https:\/\/i0.wp.com\/mg-mecaloc.com\/wp-content\/uploads\/2016\/03\/MG-Mecaloc.jpg?fit=740%2C490","width":740,"height":490,"caption":"Locaux MG Mecaloc Aurel M\u00e9canique"},{"@type":"BreadcrumbList","@id":"http:\/\/mg-mecaloc.com\/index.php\/contact\/#breadcrumb","itemListElement":[{"@type":"ListItem","position":1,"name":"Accueil","item":"http:\/\/mg-mecaloc.com\/"},{"@type":"ListItem","position":2,"name":"Contact"}]},{"@type":"WebSite","@id":"http:\/\/mg-mecaloc.com\/#website","url":"http:\/\/mg-mecaloc.com\/","name":"MG Mecaloc - M\u00e9canique et Location","description":"M\u00e9canique lourde et location \u00e0 Aurel (Dr\u00f4me)","potentialAction":[{"@type":"SearchAction","target":{"@type":"EntryPoint","urlTemplate":"http:\/\/mg-mecaloc.com\/?s={search_term_string}"},"query-input":{"@type":"PropertyValueSpecification","valueRequired":true,"valueName":"search_term_string"}}],"inLanguage":"fr-FR"}]}},"jetpack_sharing_enabled":true,"jetpack_shortlink":"https:\/\/wp.me\/P7iO5F-b","jetpack-related-posts":[],"_links":{"self":[{"href":"http:\/\/mg-mecaloc.com\/index.php\/wp-json\/wp\/v2\/pages\/11","targetHints":{"allow":["GET"]}}],"collection":[{"href":"http:\/\/mg-mecaloc.com\/index.php\/wp-json\/wp\/v2\/pages"}],"about":[{"href":"http:\/\/mg-mecaloc.com\/index.php\/wp-json\/wp\/v2\/types\/page"}],"author":[{"embeddable":true,"href":"http:\/\/mg-mecaloc.com\/index.php\/wp-json\/wp\/v2\/users\/1"}],"replies":[{"embeddable":true,"href":"http:\/\/mg-mecaloc.com\/index.php\/wp-json\/wp\/v2\/comments?post=11"}],"version-history":[{"count":9,"href":"http:\/\/mg-mecaloc.com\/index.php\/wp-json\/wp\/v2\/pages\/11\/revisions"}],"predecessor-version":[{"id":218,"href":"http:\/\/mg-mecaloc.com\/index.php\/wp-json\/wp\/v2\/pages\/11\/revisions\/218"}],"wp:attachment":[{"href":"http:\/\/mg-mecaloc.com\/index.php\/wp-json\/wp\/v2\/media?parent=11"}],"curies":[{"name":"wp","href":"https:\/\/api.w.org\/{rel}","templated":true}]}}